{"id":161562,"date":"2022-09-28T17:52:28","date_gmt":"2022-09-28T17:52:28","guid":{"rendered":"http:\/\/climalife.com\/product\/hfc-227ea-fe\/"},"modified":"2024-01-25T13:52:56","modified_gmt":"2024-01-25T13:52:56","slug":"hfc-227ea-fe","status":"publish","type":"product","link":"https:\/\/climalife.com\/fr\/product\/hfc-227ea-fe\/","title":{"rendered":"HFC 227ea FE"},"content":{"rendered":"<p>HFC 227ea FE est un heptafluoropropane. De qualit\u00e9 constante, il r\u00e9pond \u00e0 l\u2019ensemble des exigences requises pour \u00eatre utilis\u00e9 dans les extincteurs et les syst\u00e8mes d\u2019extinction incendie. Ininflammable, il offre de nombreuses possibilit\u00e9s d\u2019utilisation dans les formulations qui requi\u00e8rent des exigences de s\u00e9curit\u00e9 (r\u00e9glementaire, environnement \u00e0 risques, milieu confin\u00e9).<\/p>\n<p>Sa mise en oeuvre ne n\u00e9cessite pas d\u2019investissement particulier en mati\u00e8re d\u2019installation de s\u00e9curit\u00e9 (ATEX). Il est sans effet sur la couche d\u2019ozone.<\/p>\n","protected":false},"excerpt":{"rendered":"<p>Le HFC 227ea FE est \u201cUL Recognized\u201d (EX16326) en tant qu\u2019agent inhibiteur pour les extincteurs et les syst\u00e8mes d\u2019extinction incendie.<\/p>\n","protected":false},"featured_media":131319,"comment_status":"open","ping_status":"closed","template":"","meta":[],"countries":[4674,4709,4756,4813,4831,4862],"product_brand":[],"product_cat":[9981,9972,9990,9945,9954,9388,13082],"product_tag":[],"class_list":{"0":"post-161562","1":"product","2":"type-product","3":"status-publish","4":"has-post-thumbnail","6":"countries-by","7":"countries-cu","8":"countries-ir","9":"countries-kp","10":"countries-ru","11":"countries-sy","12":"product_cat-aeronautique-aerospatial-defense","13":"product_cat-automobile-transport","14":"product_cat-autres-industries","15":"product_cat-batiment","16":"product_cat-energie","17":"product_cat-hfc-fr-94","18":"product_cat-protection-incendie","19":"pa_packaging-bouteille-88-l-fr-122","20":"pa_packaging-conteneur-448-l-fr-74","21":"pa_packaging-conteneur-930-l-fr-76","23":"first","24":"instock","25":"shipping-taxable","26":"purchasable","27":"product-type-variable"},"_links":{"self":[{"href":"https:\/\/climalife.com\/fr\/wp-json\/wp\/v2\/product\/161562","targetHints":{"allow":["GET"]}}],"collection":[{"href":"https:\/\/climalife.com\/fr\/wp-json\/wp\/v2\/product"}],"about":[{"href":"https:\/\/climalife.com\/fr\/wp-json\/wp\/v2\/types\/product"}],"replies":[{"embeddable":true,"href":"https:\/\/climalife.com\/fr\/wp-json\/wp\/v2\/comments?post=161562"}],"wp:featuredmedia":[{"embeddable":true,"href":"https:\/\/climalife.com\/fr\/wp-json\/wp\/v2\/media\/131319"}],"wp:attachment":[{"href":"https:\/\/climalife.com\/fr\/wp-json\/wp\/v2\/media?parent=161562"}],"wp:term":[{"taxonomy":"countries","embeddable":true,"href":"https:\/\/climalife.com\/fr\/wp-json\/wp\/v2\/countries?post=161562"},{"taxonomy":"product_brand","embeddable":true,"href":"https:\/\/climalife.com\/fr\/wp-json\/wp\/v2\/product_brand?post=161562"},{"taxonomy":"product_cat","embeddable":true,"href":"https:\/\/climalife.com\/fr\/wp-json\/wp\/v2\/product_cat?post=161562"},{"taxonomy":"product_tag","embeddable":true,"href":"https:\/\/climalife.com\/fr\/wp-json\/wp\/v2\/product_tag?post=161562"}],"curies":[{"name":"wp","href":"https:\/\/api.w.org\/{rel}","templated":true}]}}