{"id":161571,"date":"2022-09-28T17:52:37","date_gmt":"2022-09-28T17:52:37","guid":{"rendered":"http:\/\/climalife.com\/product\/r-507a-t\/"},"modified":"2024-01-25T13:52:55","modified_gmt":"2024-01-25T13:52:55","slug":"r-507a-t","status":"publish","type":"product","link":"https:\/\/climalife.com\/fr\/product\/r-507a-t\/","title":{"rendered":"R-507AT"},"content":{"rendered":"<p>Il est essentiellement utilis\u00e9 en r\u00e9frig\u00e9ration industrielle pour les installations neuves comprenant des \u00e9vaporateurs noy\u00e9s comme par exemple dans les patinoires.<\/p>\n","protected":false},"excerpt":{"rendered":"<p>Le R-507AT est un fluide frigorig\u00e8ne m\u00e9lange az\u00e9otropique de type HFC, issu de la r\u00e9cup\u00e9ration et de la r\u00e9g\u00e9n\u00e9ration du R-507A.<br \/>\nSon usage autoris\u00e9 jusqu\u2019au 01 janvier 2030 permettra la maintenance des \u00e9quipements utilisant initialement le R-507A d\u2019origine vierge interdit d\u2019usage apr\u00e8s le 01 janvier 2020.<\/p>\n","protected":false},"featured_media":130419,"comment_status":"open","ping_status":"closed","template":"","meta":[],"countries":[4674,4709,4756,4813,4831,4862],"product_brand":[],"product_cat":[9523],"product_tag":[],"class_list":{"0":"post-161571","1":"product","2":"type-product","3":"status-publish","4":"has-post-thumbnail","6":"countries-by","7":"countries-cu","8":"countries-ir","9":"countries-kp","10":"countries-ru","11":"countries-sy","12":"product_cat-hfc-regeneres","13":"pa_packaging-bouteille-52-l-fr-72","14":"pa_packaging-friostar-fr-69","16":"first","17":"instock","18":"shipping-taxable","19":"purchasable","20":"product-type-variable"},"_links":{"self":[{"href":"https:\/\/climalife.com\/fr\/wp-json\/wp\/v2\/product\/161571","targetHints":{"allow":["GET"]}}],"collection":[{"href":"https:\/\/climalife.com\/fr\/wp-json\/wp\/v2\/product"}],"about":[{"href":"https:\/\/climalife.com\/fr\/wp-json\/wp\/v2\/types\/product"}],"replies":[{"embeddable":true,"href":"https:\/\/climalife.com\/fr\/wp-json\/wp\/v2\/comments?post=161571"}],"wp:featuredmedia":[{"embeddable":true,"href":"https:\/\/climalife.com\/fr\/wp-json\/wp\/v2\/media\/130419"}],"wp:attachment":[{"href":"https:\/\/climalife.com\/fr\/wp-json\/wp\/v2\/media?parent=161571"}],"wp:term":[{"taxonomy":"countries","embeddable":true,"href":"https:\/\/climalife.com\/fr\/wp-json\/wp\/v2\/countries?post=161571"},{"taxonomy":"product_brand","embeddable":true,"href":"https:\/\/climalife.com\/fr\/wp-json\/wp\/v2\/product_brand?post=161571"},{"taxonomy":"product_cat","embeddable":true,"href":"https:\/\/climalife.com\/fr\/wp-json\/wp\/v2\/product_cat?post=161571"},{"taxonomy":"product_tag","embeddable":true,"href":"https:\/\/climalife.com\/fr\/wp-json\/wp\/v2\/product_tag?post=161571"}],"curies":[{"name":"wp","href":"https:\/\/api.w.org\/{rel}","templated":true}]}}