{"id":161575,"date":"2022-09-28T17:52:40","date_gmt":"2022-09-28T17:52:40","guid":{"rendered":"http:\/\/climalife.com\/product\/r-454b\/"},"modified":"2024-11-28T13:44:46","modified_gmt":"2024-11-28T13:44:46","slug":"r-454b","status":"publish","type":"product","link":"https:\/\/climalife.com\/fr\/product\/r-454b\/","title":{"rendered":"R-454B"},"content":{"rendered":"<p>Il est destin\u00e9 aux installations neuves de climatisation o\u00f9 le R-410A est g\u00e9n\u00e9ralement mis en \u0153uvre. Il est pr\u00e9conis\u00e9 pour les \u00e9quipements destin\u00e9s \u00e0 l\u2019usage domestique et commercial de faible puissance, les refroidisseurs de liquide et climatiseurs \u00e0 d\u00e9tente directe (DX), les pompes \u00e0 chaleur, les climatiseurs monoblocs, ou bi-bloc (split system) et les climatiseurs gainables. Utiliser une huile polyolester (POE).<\/p>\n","protected":false},"excerpt":{"rendered":"<p>Le R-454B est un m\u00e9lange non az\u00e9otropique \u00e0 base d\u2019hydrofluorocarbure (HFC) et d\u2019hydrofluoro-ol\u00e9fine (HFO) \u00e0 faible GWP.<\/p>\n","protected":false},"featured_media":190677,"comment_status":"open","ping_status":"closed","template":"","meta":[],"countries":[4674,4709,4756,4813,4831,4862],"product_brand":[],"product_cat":[9945,13056,9604],"product_tag":[],"class_list":{"0":"post-161575","1":"product","2":"type-product","3":"status-publish","4":"has-post-thumbnail","6":"countries-by","7":"countries-cu","8":"countries-ir","9":"countries-kp","10":"countries-ru","11":"countries-sy","12":"product_cat-batiment","13":"product_cat-climatisation","14":"product_cat-melanges-hfc-hfo","15":"pa_packaging-bouteille-12-l-fr-92","16":"pa_packaging-bouteille-52-l-fr-72","18":"first","19":"instock","20":"shipping-taxable","21":"purchasable","22":"product-type-variable"},"_links":{"self":[{"href":"https:\/\/climalife.com\/fr\/wp-json\/wp\/v2\/product\/161575","targetHints":{"allow":["GET"]}}],"collection":[{"href":"https:\/\/climalife.com\/fr\/wp-json\/wp\/v2\/product"}],"about":[{"href":"https:\/\/climalife.com\/fr\/wp-json\/wp\/v2\/types\/product"}],"replies":[{"embeddable":true,"href":"https:\/\/climalife.com\/fr\/wp-json\/wp\/v2\/comments?post=161575"}],"wp:featuredmedia":[{"embeddable":true,"href":"https:\/\/climalife.com\/fr\/wp-json\/wp\/v2\/media\/190677"}],"wp:attachment":[{"href":"https:\/\/climalife.com\/fr\/wp-json\/wp\/v2\/media?parent=161575"}],"wp:term":[{"taxonomy":"countries","embeddable":true,"href":"https:\/\/climalife.com\/fr\/wp-json\/wp\/v2\/countries?post=161575"},{"taxonomy":"product_brand","embeddable":true,"href":"https:\/\/climalife.com\/fr\/wp-json\/wp\/v2\/product_brand?post=161575"},{"taxonomy":"product_cat","embeddable":true,"href":"https:\/\/climalife.com\/fr\/wp-json\/wp\/v2\/product_cat?post=161575"},{"taxonomy":"product_tag","embeddable":true,"href":"https:\/\/climalife.com\/fr\/wp-json\/wp\/v2\/product_tag?post=161575"}],"curies":[{"name":"wp","href":"https:\/\/api.w.org\/{rel}","templated":true}]}}