{"id":161597,"date":"2022-09-28T17:52:55","date_gmt":"2022-09-28T17:52:55","guid":{"rendered":"http:\/\/climalife.com\/product\/chlorure-dethyle\/"},"modified":"2024-01-25T13:52:53","modified_gmt":"2024-01-25T13:52:53","slug":"chlorure-dethyle","status":"publish","type":"product","link":"https:\/\/climalife.com\/fr\/product\/chlorure-dethyle\/","title":{"rendered":"Chlorure d&#8217;\u00e9thyle"},"content":{"rendered":"<p>Il est utilis\u00e9 comme :<br \/>\n&#8211; Agent d\u2019\u00e9thylation<br \/>\n&#8211; R\u00e9frig\u00e9rant<br \/>\n&#8211; Solvant<\/p>\n","protected":false},"excerpt":{"rendered":"<p>Le chlorure d\u2019\u00e9thyle (C2H5Cl) appel\u00e9 \u00e9galement monochloro\u00e9thane est un gaz volatile, faiblement toxique et tr\u00e8s inflammable. Il est \u00e9galement connu sous la r\u00e9f\u00e9rence monographique R 160.<\/p>\n","protected":false},"featured_media":127413,"comment_status":"open","ping_status":"closed","template":"","meta":[],"countries":[4674,4709,4756,4813,4831,4862],"product_brand":[],"product_cat":[9271],"product_tag":[],"class_list":{"0":"post-161597","1":"product","2":"type-product","3":"status-publish","4":"has-post-thumbnail","6":"countries-by","7":"countries-cu","8":"countries-ir","9":"countries-kp","10":"countries-ru","11":"countries-sy","12":"product_cat-gaz-chlores","13":"pa_packaging-bouteille-26-l-fr-32","14":"pa_packaging-bouteille-88-l-fr-122","15":"pa_packaging-conteneur-930-l-fr-76","16":"pa_packaging-fut-217-l-fr-30","17":"pa_packaging-vrac-20-t-fr-141","19":"first","20":"instock","21":"shipping-taxable","22":"purchasable","23":"product-type-variable"},"_links":{"self":[{"href":"https:\/\/climalife.com\/fr\/wp-json\/wp\/v2\/product\/161597","targetHints":{"allow":["GET"]}}],"collection":[{"href":"https:\/\/climalife.com\/fr\/wp-json\/wp\/v2\/product"}],"about":[{"href":"https:\/\/climalife.com\/fr\/wp-json\/wp\/v2\/types\/product"}],"replies":[{"embeddable":true,"href":"https:\/\/climalife.com\/fr\/wp-json\/wp\/v2\/comments?post=161597"}],"wp:featuredmedia":[{"embeddable":true,"href":"https:\/\/climalife.com\/fr\/wp-json\/wp\/v2\/media\/127413"}],"wp:attachment":[{"href":"https:\/\/climalife.com\/fr\/wp-json\/wp\/v2\/media?parent=161597"}],"wp:term":[{"taxonomy":"countries","embeddable":true,"href":"https:\/\/climalife.com\/fr\/wp-json\/wp\/v2\/countries?post=161597"},{"taxonomy":"product_brand","embeddable":true,"href":"https:\/\/climalife.com\/fr\/wp-json\/wp\/v2\/product_brand?post=161597"},{"taxonomy":"product_cat","embeddable":true,"href":"https:\/\/climalife.com\/fr\/wp-json\/wp\/v2\/product_cat?post=161597"},{"taxonomy":"product_tag","embeddable":true,"href":"https:\/\/climalife.com\/fr\/wp-json\/wp\/v2\/product_tag?post=161597"}],"curies":[{"name":"wp","href":"https:\/\/api.w.org\/{rel}","templated":true}]}}