{"id":161677,"date":"2022-09-28T17:53:47","date_gmt":"2022-09-28T17:53:47","guid":{"rendered":"http:\/\/climalife.com\/product\/detecteur-de-fuite-a-poste-fixe-mvr-300\/"},"modified":"2024-01-25T13:52:47","modified_gmt":"2024-01-25T13:52:47","slug":"detecteur-fuite-fixe-mvr-300","status":"publish","type":"product","link":"https:\/\/climalife.com\/fr\/product\/detecteur-fuite-fixe-mvr-300\/","title":{"rendered":"D\u00e9tecteur de fuite \u00e0 poste fixe MVR-300"},"content":{"rendered":"<p>MVR 300 permet de d\u00e9tecter les fluides frigorig\u00e8nes utilis\u00e9s dans les syst\u00e8mes de r\u00e9frig\u00e9ration et de climatisation \u00e0 grand volume tels que les VRF\/VRV (d\u00e9bit variable fluide frigorig\u00e8ne \/ volume variable de fluide frigorig\u00e8ne). Les alarmes sonores et visuelles alertent les occupants et communiquent simultan\u00e9ment avec les syst\u00e8mes de surveillances des locaux.<br \/>\nL\u2019interface Modbus int\u00e9gr\u00e9 fournit en temps r\u00e9el les informations sur les concentrations d\u00e9tect\u00e9es de fluide frigorig\u00e8ne, l\u2019\u00e9tat et les param\u00e8tres de r\u00e9glage. Il permet aussi la configuration personnalis\u00e9e \u00e0 toutes les exigences sp\u00e9cifiques suivant l\u2019application, \u00e0 l\u2019aide de plusieurs registres Modbus. 2 relais internes (alarme niveau bas et niveau haut) peuvent servir \u00e0 fermer des vannes, activer des alarmes, mettre en route des extracteurs, ou \u00e0 initier un appel au service de secours.<\/p>\n<p>Facile \u00e0 installer et con\u00e7u pour une maintenance simple. Les param\u00e9trages se font en fa\u00e7ade \u00e0 l\u2019aide d\u2019un stylo magn\u00e9tique pour \u00e9viter les risques de modifications accidentelles des r\u00e9glages.<\/p>\n<p>&nbsp;<\/p>\n","protected":false},"excerpt":{"rendered":"<p>Le d\u00e9tecteur MVR-300 de la marque Bacharach (MSA) est sp\u00e9cifiquement con\u00e7u pour assurer une surveillance continue et tr\u00e8s efficace dans les applications typiques telles que les h\u00f4tels, les dortoirs, les h\u00f4pitaux, les bureaux et les immeubles d&#8217;habitation.<\/p>\n","protected":false},"featured_media":122112,"comment_status":"open","ping_status":"closed","template":"","meta":[],"countries":[4674,4709,4756,4760,4804,4813,4831,4862],"product_brand":[],"product_cat":[9981,9945,9963,9990,13056,13091,9262],"product_tag":[],"class_list":{"0":"post-161677","1":"product","2":"type-product","3":"status-publish","4":"has-post-thumbnail","6":"countries-by","7":"countries-cu","8":"countries-ir","9":"countries-it","10":"countries-nl","11":"countries-kp","12":"countries-ru","13":"countries-sy","14":"product_cat-aeronautique-aerospatial-defense","15":"product_cat-batiment","16":"product_cat-sante-bien-etre","17":"product_cat-autres-industries","18":"product_cat-climatisation","19":"product_cat-chauffage","20":"product_cat-detection-fixe","22":"first","23":"instock","24":"shipping-taxable","25":"purchasable","26":"product-type-variable"},"_links":{"self":[{"href":"https:\/\/climalife.com\/fr\/wp-json\/wp\/v2\/product\/161677","targetHints":{"allow":["GET"]}}],"collection":[{"href":"https:\/\/climalife.com\/fr\/wp-json\/wp\/v2\/product"}],"about":[{"href":"https:\/\/climalife.com\/fr\/wp-json\/wp\/v2\/types\/product"}],"replies":[{"embeddable":true,"href":"https:\/\/climalife.com\/fr\/wp-json\/wp\/v2\/comments?post=161677"}],"wp:featuredmedia":[{"embeddable":true,"href":"https:\/\/climalife.com\/fr\/wp-json\/wp\/v2\/media\/122112"}],"wp:attachment":[{"href":"https:\/\/climalife.com\/fr\/wp-json\/wp\/v2\/media?parent=161677"}],"wp:term":[{"taxonomy":"countries","embeddable":true,"href":"https:\/\/climalife.com\/fr\/wp-json\/wp\/v2\/countries?post=161677"},{"taxonomy":"product_brand","embeddable":true,"href":"https:\/\/climalife.com\/fr\/wp-json\/wp\/v2\/product_brand?post=161677"},{"taxonomy":"product_cat","embeddable":true,"href":"https:\/\/climalife.com\/fr\/wp-json\/wp\/v2\/product_cat?post=161677"},{"taxonomy":"product_tag","embeddable":true,"href":"https:\/\/climalife.com\/fr\/wp-json\/wp\/v2\/product_tag?post=161677"}],"curies":[{"name":"wp","href":"https:\/\/api.w.org\/{rel}","templated":true}]}}