{"id":161704,"date":"2022-09-28T17:54:04","date_gmt":"2022-09-28T17:54:04","guid":{"rendered":"http:\/\/climalife.com\/product\/r-32\/"},"modified":"2026-01-28T12:39:25","modified_gmt":"2026-01-28T12:39:25","slug":"r-32","status":"publish","type":"product","link":"https:\/\/climalife.com\/fr\/product\/r-32\/","title":{"rendered":"R-32"},"content":{"rendered":"<p>Ce n\u2019est pas un fluide de reconversion pour les installations existantes fonctionnant avec un autre fluide. Il est aussi utilis\u00e9 comme composant dans les m\u00e9langes HFC et HFO.<\/p>\n","protected":false},"excerpt":{"rendered":"<p>Le R-32 est un fluide hydrofluorocarbone (HFC) \u00e0 faible GWP. C\u2019est un fluide class\u00e9 A2L (l\u00e9g\u00e8rement inflammable) selon la norme EN 378-2017. Il est utilis\u00e9 dans les petits syst\u00e8mes de climatisation (bi-bloc) avec une charge conforme aux obligations prescrites par la norme EN 378.<\/p>\n","protected":false},"featured_media":190677,"comment_status":"open","ping_status":"closed","template":"","meta":[],"countries":[4674,4709,4756,4813,4831,4862],"product_brand":[],"product_cat":[9945,13091,13056,9442],"product_tag":[],"class_list":{"0":"post-161704","1":"product","2":"type-product","3":"status-publish","4":"has-post-thumbnail","6":"countries-by","7":"countries-cu","8":"countries-ir","9":"countries-kp","10":"countries-ru","11":"countries-sy","12":"product_cat-batiment","13":"product_cat-chauffage","14":"product_cat-climatisation","15":"product_cat-hfc-fr-33","16":"pa_packaging-bouteille-12-l-fr-92","18":"first","19":"instock","20":"shipping-taxable","21":"purchasable","22":"product-type-variable"},"_links":{"self":[{"href":"https:\/\/climalife.com\/fr\/wp-json\/wp\/v2\/product\/161704","targetHints":{"allow":["GET"]}}],"collection":[{"href":"https:\/\/climalife.com\/fr\/wp-json\/wp\/v2\/product"}],"about":[{"href":"https:\/\/climalife.com\/fr\/wp-json\/wp\/v2\/types\/product"}],"replies":[{"embeddable":true,"href":"https:\/\/climalife.com\/fr\/wp-json\/wp\/v2\/comments?post=161704"}],"wp:featuredmedia":[{"embeddable":true,"href":"https:\/\/climalife.com\/fr\/wp-json\/wp\/v2\/media\/190677"}],"wp:attachment":[{"href":"https:\/\/climalife.com\/fr\/wp-json\/wp\/v2\/media?parent=161704"}],"wp:term":[{"taxonomy":"countries","embeddable":true,"href":"https:\/\/climalife.com\/fr\/wp-json\/wp\/v2\/countries?post=161704"},{"taxonomy":"product_brand","embeddable":true,"href":"https:\/\/climalife.com\/fr\/wp-json\/wp\/v2\/product_brand?post=161704"},{"taxonomy":"product_cat","embeddable":true,"href":"https:\/\/climalife.com\/fr\/wp-json\/wp\/v2\/product_cat?post=161704"},{"taxonomy":"product_tag","embeddable":true,"href":"https:\/\/climalife.com\/fr\/wp-json\/wp\/v2\/product_tag?post=161704"}],"curies":[{"name":"wp","href":"https:\/\/api.w.org\/{rel}","templated":true}]}}