{"id":161716,"date":"2022-09-28T17:54:12","date_gmt":"2022-09-28T17:54:12","guid":{"rendered":"http:\/\/climalife.com\/product\/solstice-yf-r-1234yf\/"},"modified":"2025-10-07T09:34:10","modified_gmt":"2025-10-07T09:34:10","slug":"solstice-yf-r-1234yf","status":"publish","type":"product","link":"https:\/\/climalife.com\/fr\/product\/solstice-yf-r-1234yf\/","title":{"rendered":"R-1234yf Solstice\u00ae yf"},"content":{"rendered":"<p>Il pourra aussi \u00eatre envisag\u00e9 en fonction du choix des fabricants dans d&#8217;autres applications en remplacement du R-134a.<\/p>\n","protected":false},"excerpt":{"rendered":"<p>Le Solstice<sup>\u00ae<\/sup> yf est un gaz fluor\u00e9 de la famille des hydrofluoro-olefines (HFO) \u00e0 tr\u00e8s faible GWP, destin\u00e9 aux applications de climatisation automobile.<\/p>\n","protected":false},"featured_media":122211,"comment_status":"open","ping_status":"closed","template":"","meta":[],"countries":[4674,4709,4756,4813,4831,4862],"product_brand":[],"product_cat":[9981,9972,9945,9954,9936,9963,9990,13056,13091,13125,9658],"product_tag":[],"class_list":{"0":"post-161716","1":"product","2":"type-product","3":"status-publish","4":"has-post-thumbnail","6":"countries-by","7":"countries-cu","8":"countries-ir","9":"countries-kp","10":"countries-ru","11":"countries-sy","12":"product_cat-aeronautique-aerospatial-defense","13":"product_cat-automobile-transport","14":"product_cat-batiment","15":"product_cat-energie","16":"product_cat-agroalimentaire","17":"product_cat-sante-bien-etre","18":"product_cat-autres-industries","19":"product_cat-climatisation","20":"product_cat-chauffage","21":"product_cat-refrigeration-fr","22":"product_cat-hfo-fr-23","23":"pa_packaging-bouteille-125-l-fr-214","24":"pa_packaging-bouteille-52-l-fr-72","26":"first","27":"instock","28":"shipping-taxable","29":"purchasable","30":"product-type-variable"},"_links":{"self":[{"href":"https:\/\/climalife.com\/fr\/wp-json\/wp\/v2\/product\/161716","targetHints":{"allow":["GET"]}}],"collection":[{"href":"https:\/\/climalife.com\/fr\/wp-json\/wp\/v2\/product"}],"about":[{"href":"https:\/\/climalife.com\/fr\/wp-json\/wp\/v2\/types\/product"}],"replies":[{"embeddable":true,"href":"https:\/\/climalife.com\/fr\/wp-json\/wp\/v2\/comments?post=161716"}],"wp:featuredmedia":[{"embeddable":true,"href":"https:\/\/climalife.com\/fr\/wp-json\/wp\/v2\/media\/122211"}],"wp:attachment":[{"href":"https:\/\/climalife.com\/fr\/wp-json\/wp\/v2\/media?parent=161716"}],"wp:term":[{"taxonomy":"countries","embeddable":true,"href":"https:\/\/climalife.com\/fr\/wp-json\/wp\/v2\/countries?post=161716"},{"taxonomy":"product_brand","embeddable":true,"href":"https:\/\/climalife.com\/fr\/wp-json\/wp\/v2\/product_brand?post=161716"},{"taxonomy":"product_cat","embeddable":true,"href":"https:\/\/climalife.com\/fr\/wp-json\/wp\/v2\/product_cat?post=161716"},{"taxonomy":"product_tag","embeddable":true,"href":"https:\/\/climalife.com\/fr\/wp-json\/wp\/v2\/product_tag?post=161716"}],"curies":[{"name":"wp","href":"https:\/\/api.w.org\/{rel}","templated":true}]}}