{"id":161744,"date":"2022-09-28T17:54:36","date_gmt":"2022-09-28T17:54:36","guid":{"rendered":"http:\/\/climalife.com\/product\/conteneur-de-recuperation-transfert-ammoniac\/"},"modified":"2026-01-29T13:43:10","modified_gmt":"2026-01-29T13:43:10","slug":"conteneur-de-recuperation-transfert-ammoniac","status":"publish","type":"product","link":"https:\/\/climalife.com\/fr\/product\/conteneur-de-recuperation-transfert-ammoniac\/","title":{"rendered":"Conteneur de r\u00e9cup\u00e9ration transfert ammoniac"},"content":{"rendered":"","protected":false},"excerpt":{"rendered":"<p>Mise \u00e0 disposition de conteneur de r\u00e9cup\u00e9ration et de transfert du NH3.<\/p>\n","protected":false},"featured_media":107478,"comment_status":"open","ping_status":"closed","template":"","meta":[],"countries":[4674,4709,4756,4813,4831,4854,4862],"product_brand":[],"product_cat":[9936,13091,13125,13257],"product_tag":[],"class_list":{"0":"post-161744","1":"product","2":"type-product","3":"status-publish","4":"has-post-thumbnail","6":"countries-by","7":"countries-cu","8":"countries-ir","9":"countries-kp","10":"countries-ru","11":"countries-es","12":"countries-sy","13":"product_cat-agroalimentaire","14":"product_cat-chauffage","15":"product_cat-refrigeration-fr","16":"product_cat-recuperation-des-fluides-frigorigenes","17":"pa_packaging-unite-fr-25","19":"first","20":"instock","21":"shipping-taxable","22":"purchasable","23":"product-type-simple"},"_links":{"self":[{"href":"https:\/\/climalife.com\/fr\/wp-json\/wp\/v2\/product\/161744","targetHints":{"allow":["GET"]}}],"collection":[{"href":"https:\/\/climalife.com\/fr\/wp-json\/wp\/v2\/product"}],"about":[{"href":"https:\/\/climalife.com\/fr\/wp-json\/wp\/v2\/types\/product"}],"replies":[{"embeddable":true,"href":"https:\/\/climalife.com\/fr\/wp-json\/wp\/v2\/comments?post=161744"}],"wp:featuredmedia":[{"embeddable":true,"href":"https:\/\/climalife.com\/fr\/wp-json\/wp\/v2\/media\/107478"}],"wp:attachment":[{"href":"https:\/\/climalife.com\/fr\/wp-json\/wp\/v2\/media?parent=161744"}],"wp:term":[{"taxonomy":"countries","embeddable":true,"href":"https:\/\/climalife.com\/fr\/wp-json\/wp\/v2\/countries?post=161744"},{"taxonomy":"product_brand","embeddable":true,"href":"https:\/\/climalife.com\/fr\/wp-json\/wp\/v2\/product_brand?post=161744"},{"taxonomy":"product_cat","embeddable":true,"href":"https:\/\/climalife.com\/fr\/wp-json\/wp\/v2\/product_cat?post=161744"},{"taxonomy":"product_tag","embeddable":true,"href":"https:\/\/climalife.com\/fr\/wp-json\/wp\/v2\/product_tag?post=161744"}],"curies":[{"name":"wp","href":"https:\/\/api.w.org\/{rel}","templated":true}]}}