{"id":161762,"date":"2022-09-28T17:54:51","date_gmt":"2022-09-28T17:54:51","guid":{"rendered":"http:\/\/climalife.com\/product\/frionett-power-ultra\/"},"modified":"2025-11-24T16:24:49","modified_gmt":"2025-11-24T16:24:49","slug":"frionett-power-ultra","status":"publish","type":"product","link":"https:\/\/climalife.com\/fr\/product\/frionett-power-ultra\/","title":{"rendered":"Frionett\u00ae Power Ultra"},"content":{"rendered":"<div id=\"slot_product_getname_564_fr\" class=\"editable_slot\">\n<p>C&#8217;est un produit alcalin destin\u00e9 au nettoyage professionnel des \u00e9vaporateurs, condenseurs, ventilateurs, car\u00e9nage, etc. des installations de r\u00e9frig\u00e9ration et de climatisation.<\/p>\n<p>Pratique, le nettoyage se fait sans d\u00e9montage par pulv\u00e9risation, et rin\u00e7age apr\u00e8s un temps d\u2019action de 5 minutes.<\/p>\n<p>Son fort pouvoir d\u00e9tergent et d\u00e9graissant \u00e9limine graisses, poussi\u00e8res, et autres salissures, et permet de retrouver et d\u2019optimiser les transferts thermiques des \u00e9changeurs et les performances restitu\u00e9es.<\/p>\n<p><strong>Frionett<sup>\u00ae<\/sup> Power \u00a0Ultra <\/strong>: produit concentr\u00e9, \u00e0 diluer<\/p>\n<p>&nbsp;<\/p>\n<p><strong>UTILISATION<\/strong><\/p>\n<p><strong>Le\u00a0Frionett<sup>\u00ae<\/sup> Power Ultra<\/strong><strong>\u00a0<\/strong>s\u2019emploie en dilution dans l\u2019eau, en proportion de 1 volume de produit pour 5 volumes d\u2019eau. Apr\u00e8s dilution, appliquer ou pulv\u00e9riser le produit du bas vers le haut directement sur la surface \u00e0 d\u00e9graisser, laisser agir 5 minutes, puis rincer \u00e0 l\u2019eau. Renouveler l\u2019op\u00e9ration si n\u00e9cessaire.<\/p>\n<p><strong>\u00a0<\/strong><\/p>\n<\/div>\n","protected":false},"excerpt":{"rendered":"<p>Frionett\u00ae Power Ultra est un nettoyant d\u00e9graissant universel puissant et\u00a0 l\u00e9g\u00e8rement parfum\u00e9 pour toutes surfaces.<\/p>\n","protected":false},"featured_media":118242,"comment_status":"open","ping_status":"closed","template":"","meta":[],"countries":[4674,4709,4756,4813,4831,4862],"product_brand":[],"product_cat":[9981,9972,9945,9936,9963,9990,13056,13091,13125,9559],"product_tag":[],"class_list":{"0":"post-161762","1":"product","2":"type-product","3":"status-publish","4":"has-post-thumbnail","6":"countries-by","7":"countries-cu","8":"countries-ir","9":"countries-kp","10":"countries-ru","11":"countries-sy","12":"product_cat-aeronautique-aerospatial-defense","13":"product_cat-automobile-transport","14":"product_cat-batiment","15":"product_cat-agroalimentaire","16":"product_cat-sante-bien-etre","17":"product_cat-autres-industries","18":"product_cat-climatisation","19":"product_cat-chauffage","20":"product_cat-refrigeration-fr","21":"product_cat-nettoyage-externe-des-installations-thermiques","22":"pa_packaging-bidon-concentre-5-l-fr-230","24":"first","25":"instock","26":"shipping-taxable","27":"purchasable","28":"product-type-variable"},"_links":{"self":[{"href":"https:\/\/climalife.com\/fr\/wp-json\/wp\/v2\/product\/161762","targetHints":{"allow":["GET"]}}],"collection":[{"href":"https:\/\/climalife.com\/fr\/wp-json\/wp\/v2\/product"}],"about":[{"href":"https:\/\/climalife.com\/fr\/wp-json\/wp\/v2\/types\/product"}],"replies":[{"embeddable":true,"href":"https:\/\/climalife.com\/fr\/wp-json\/wp\/v2\/comments?post=161762"}],"wp:featuredmedia":[{"embeddable":true,"href":"https:\/\/climalife.com\/fr\/wp-json\/wp\/v2\/media\/118242"}],"wp:attachment":[{"href":"https:\/\/climalife.com\/fr\/wp-json\/wp\/v2\/media?parent=161762"}],"wp:term":[{"taxonomy":"countries","embeddable":true,"href":"https:\/\/climalife.com\/fr\/wp-json\/wp\/v2\/countries?post=161762"},{"taxonomy":"product_brand","embeddable":true,"href":"https:\/\/climalife.com\/fr\/wp-json\/wp\/v2\/product_brand?post=161762"},{"taxonomy":"product_cat","embeddable":true,"href":"https:\/\/climalife.com\/fr\/wp-json\/wp\/v2\/product_cat?post=161762"},{"taxonomy":"product_tag","embeddable":true,"href":"https:\/\/climalife.com\/fr\/wp-json\/wp\/v2\/product_tag?post=161762"}],"curies":[{"name":"wp","href":"https:\/\/api.w.org\/{rel}","templated":true}]}}