{"id":161781,"date":"2022-09-28T17:55:08","date_gmt":"2022-09-28T17:55:08","guid":{"rendered":"http:\/\/climalife.com\/product\/conteneur-de-recuperation\/"},"modified":"2025-07-31T13:50:17","modified_gmt":"2025-07-31T13:50:17","slug":"conteneur-de-recuperation","status":"publish","type":"product","link":"https:\/\/climalife.com\/fr\/product\/conteneur-de-recuperation\/","title":{"rendered":"Conteneur de r\u00e9cup\u00e9ration"},"content":{"rendered":"<p>Conteneur de r\u00e9cup\u00e9ration 930 litres pour fluides non-inflammables.<\/p>\n","protected":false},"excerpt":{"rendered":"<p>Mise \u00e0 disposition<\/p>\n","protected":false},"featured_media":107478,"comment_status":"open","ping_status":"closed","template":"","meta":[],"countries":[4674,4709,4756,4813,4831,4862],"product_brand":[],"product_cat":[9981,9972,9945,9954,9936,9963,9990,13056,13073,13091,13109,13125,13134,13257],"product_tag":[],"class_list":{"0":"post-161781","1":"product","2":"type-product","3":"status-publish","4":"has-post-thumbnail","6":"countries-by","7":"countries-cu","8":"countries-ir","9":"countries-kp","10":"countries-ru","11":"countries-sy","12":"product_cat-aeronautique-aerospatial-defense","13":"product_cat-automobile-transport","14":"product_cat-batiment","15":"product_cat-energie","16":"product_cat-agroalimentaire","17":"product_cat-sante-bien-etre","18":"product_cat-autres-industries","19":"product_cat-climatisation","20":"product_cat-dementelement-destruction","21":"product_cat-chauffage","22":"product_cat-orc-cycle-organique-de-rankine","23":"product_cat-refrigeration-fr","24":"product_cat-energie-renouvelable","25":"product_cat-recuperation-des-fluides-frigorigenes","26":"pa_packaging-conteneur-930-l-fr-76","28":"first","29":"instock","30":"shipping-taxable","31":"purchasable","32":"product-type-variable"},"_links":{"self":[{"href":"https:\/\/climalife.com\/fr\/wp-json\/wp\/v2\/product\/161781","targetHints":{"allow":["GET"]}}],"collection":[{"href":"https:\/\/climalife.com\/fr\/wp-json\/wp\/v2\/product"}],"about":[{"href":"https:\/\/climalife.com\/fr\/wp-json\/wp\/v2\/types\/product"}],"replies":[{"embeddable":true,"href":"https:\/\/climalife.com\/fr\/wp-json\/wp\/v2\/comments?post=161781"}],"wp:featuredmedia":[{"embeddable":true,"href":"https:\/\/climalife.com\/fr\/wp-json\/wp\/v2\/media\/107478"}],"wp:attachment":[{"href":"https:\/\/climalife.com\/fr\/wp-json\/wp\/v2\/media?parent=161781"}],"wp:term":[{"taxonomy":"countries","embeddable":true,"href":"https:\/\/climalife.com\/fr\/wp-json\/wp\/v2\/countries?post=161781"},{"taxonomy":"product_brand","embeddable":true,"href":"https:\/\/climalife.com\/fr\/wp-json\/wp\/v2\/product_brand?post=161781"},{"taxonomy":"product_cat","embeddable":true,"href":"https:\/\/climalife.com\/fr\/wp-json\/wp\/v2\/product_cat?post=161781"},{"taxonomy":"product_tag","embeddable":true,"href":"https:\/\/climalife.com\/fr\/wp-json\/wp\/v2\/product_tag?post=161781"}],"curies":[{"name":"wp","href":"https:\/\/api.w.org\/{rel}","templated":true}]}}