{"id":161800,"date":"2022-09-28T17:55:24","date_gmt":"2022-09-28T17:55:24","guid":{"rendered":"http:\/\/climalife.com\/product\/r-134a\/"},"modified":"2024-11-28T12:59:30","modified_gmt":"2024-11-28T12:59:30","slug":"r-134a","status":"publish","type":"product","link":"https:\/\/climalife.com\/fr\/product\/r-134a\/","title":{"rendered":"R-134a"},"content":{"rendered":"<p>Fluide choisi par les fabricants de syst\u00e8mes de conditionnement d&#8217;air automobile et agricole. Ce fluide peut \u00e9galement remplacer le R-12 dans les installations existantes suivant une proc\u00e9dure.<\/p>\n","protected":false},"excerpt":{"rendered":"<p>Le R-134a est un fluide frigorig\u00e8ne hydrofluorocarbone (HFC) destin\u00e9 aux applications frigorifiques domestiques, commerciales et industrielles, au conditionnement d&#8217;air, au refroidissement des liquides et des pompes \u00e0 chaleur.<\/p>\n","protected":false},"featured_media":108972,"comment_status":"open","ping_status":"closed","template":"","meta":[],"countries":[4674,4709,4756,4813,4831,4862],"product_brand":[],"product_cat":[9981,9972,9945,9954,9936,9963,9990,13056,13091,13109,13125,9442],"product_tag":[],"class_list":{"0":"post-161800","1":"product","2":"type-product","3":"status-publish","4":"has-post-thumbnail","6":"countries-by","7":"countries-cu","8":"countries-ir","9":"countries-kp","10":"countries-ru","11":"countries-sy","12":"product_cat-aeronautique-aerospatial-defense","13":"product_cat-automobile-transport","14":"product_cat-batiment","15":"product_cat-energie","16":"product_cat-agroalimentaire","17":"product_cat-sante-bien-etre","18":"product_cat-autres-industries","19":"product_cat-climatisation","20":"product_cat-chauffage","21":"product_cat-orc-cycle-organique-de-rankine","22":"product_cat-refrigeration-fr","23":"product_cat-hfc-fr-33","24":"pa_packaging-bouteille-52-l-fr-72","25":"pa_packaging-conteneur-448-l-fr-74","26":"pa_packaging-conteneur-930-l-fr-76","27":"pa_packaging-cubikool","28":"pa_packaging-friostar-fr-69","30":"first","31":"instock","32":"shipping-taxable","33":"purchasable","34":"product-type-variable"},"_links":{"self":[{"href":"https:\/\/climalife.com\/fr\/wp-json\/wp\/v2\/product\/161800","targetHints":{"allow":["GET"]}}],"collection":[{"href":"https:\/\/climalife.com\/fr\/wp-json\/wp\/v2\/product"}],"about":[{"href":"https:\/\/climalife.com\/fr\/wp-json\/wp\/v2\/types\/product"}],"replies":[{"embeddable":true,"href":"https:\/\/climalife.com\/fr\/wp-json\/wp\/v2\/comments?post=161800"}],"wp:featuredmedia":[{"embeddable":true,"href":"https:\/\/climalife.com\/fr\/wp-json\/wp\/v2\/media\/108972"}],"wp:attachment":[{"href":"https:\/\/climalife.com\/fr\/wp-json\/wp\/v2\/media?parent=161800"}],"wp:term":[{"taxonomy":"countries","embeddable":true,"href":"https:\/\/climalife.com\/fr\/wp-json\/wp\/v2\/countries?post=161800"},{"taxonomy":"product_brand","embeddable":true,"href":"https:\/\/climalife.com\/fr\/wp-json\/wp\/v2\/product_brand?post=161800"},{"taxonomy":"product_cat","embeddable":true,"href":"https:\/\/climalife.com\/fr\/wp-json\/wp\/v2\/product_cat?post=161800"},{"taxonomy":"product_tag","embeddable":true,"href":"https:\/\/climalife.com\/fr\/wp-json\/wp\/v2\/product_tag?post=161800"}],"curies":[{"name":"wp","href":"https:\/\/api.w.org\/{rel}","templated":true}]}}