{"id":161914,"date":"2022-09-28T17:56:55","date_gmt":"2022-09-28T17:56:55","guid":{"rendered":"http:\/\/climalife.com\/product\/mobil-gargoyle-arctic\/"},"modified":"2024-01-25T13:52:36","modified_gmt":"2024-01-25T13:52:36","slug":"mobil-gargoyle-arctic","status":"publish","type":"product","link":"https:\/\/climalife.com\/fr\/product\/mobil-gargoyle-arctic\/","title":{"rendered":"Mobil Gargoyle Arctic"},"content":{"rendered":"","protected":false},"excerpt":{"rendered":"<p>Huile min\u00e9rale napht\u00e9nique sp\u00e9cialement destin\u00e9e \u00e0 la lubrification des compresseurs frigorifiques.<\/p>\n","protected":false},"featured_media":210749,"comment_status":"open","ping_status":"closed","template":"","meta":[],"countries":[4674,4709,4756,4813,4831,4862],"product_brand":[],"product_cat":[9981,9972,9945,9954,9936,9963,9990,13056,13091,13125,9343],"product_tag":[],"class_list":{"0":"post-161914","1":"product","2":"type-product","3":"status-publish","4":"has-post-thumbnail","6":"countries-by","7":"countries-cu","8":"countries-ir","9":"countries-kp","10":"countries-ru","11":"countries-sy","12":"product_cat-aeronautique-aerospatial-defense","13":"product_cat-automobile-transport","14":"product_cat-batiment","15":"product_cat-energie","16":"product_cat-agroalimentaire","17":"product_cat-sante-bien-etre","18":"product_cat-autres-industries","19":"product_cat-climatisation","20":"product_cat-chauffage","21":"product_cat-refrigeration-fr","22":"product_cat-les-huiles-minerales","23":"pa_packaging-bidon-20-l-fr-174","24":"pa_packaging-fut-208-l-fr-49","26":"first","27":"instock","28":"shipping-taxable","29":"purchasable","30":"product-type-variable"},"_links":{"self":[{"href":"https:\/\/climalife.com\/fr\/wp-json\/wp\/v2\/product\/161914","targetHints":{"allow":["GET"]}}],"collection":[{"href":"https:\/\/climalife.com\/fr\/wp-json\/wp\/v2\/product"}],"about":[{"href":"https:\/\/climalife.com\/fr\/wp-json\/wp\/v2\/types\/product"}],"replies":[{"embeddable":true,"href":"https:\/\/climalife.com\/fr\/wp-json\/wp\/v2\/comments?post=161914"}],"wp:featuredmedia":[{"embeddable":true,"href":"https:\/\/climalife.com\/fr\/wp-json\/wp\/v2\/media\/210749"}],"wp:attachment":[{"href":"https:\/\/climalife.com\/fr\/wp-json\/wp\/v2\/media?parent=161914"}],"wp:term":[{"taxonomy":"countries","embeddable":true,"href":"https:\/\/climalife.com\/fr\/wp-json\/wp\/v2\/countries?post=161914"},{"taxonomy":"product_brand","embeddable":true,"href":"https:\/\/climalife.com\/fr\/wp-json\/wp\/v2\/product_brand?post=161914"},{"taxonomy":"product_cat","embeddable":true,"href":"https:\/\/climalife.com\/fr\/wp-json\/wp\/v2\/product_cat?post=161914"},{"taxonomy":"product_tag","embeddable":true,"href":"https:\/\/climalife.com\/fr\/wp-json\/wp\/v2\/product_tag?post=161914"}],"curies":[{"name":"wp","href":"https:\/\/api.w.org\/{rel}","templated":true}]}}