{"id":161945,"date":"2022-09-28T17:57:21","date_gmt":"2022-09-28T17:57:21","guid":{"rendered":"http:\/\/climalife.com\/product\/analyse-cpg-quantiglycol\/"},"modified":"2024-01-25T13:52:34","modified_gmt":"2024-01-25T13:52:34","slug":"analyse-cpg-quantiglycol","status":"publish","type":"product","link":"https:\/\/climalife.com\/fr\/product\/analyse-cpg-quantiglycol\/","title":{"rendered":"Analyse CPG*  quantiglycol"},"content":{"rendered":"<p>* : Chromatographie en phase gazeuse.<\/p>\n","protected":false},"excerpt":{"rendered":"<p>Information quantitative de MEG (Mono\u00e9thyl\u00e8ne glycol) ou MPG (Mono\u00e9thyl\u00e8ne glycol) dans un m\u00e9lange.<\/p>\n","protected":false},"featured_media":107532,"comment_status":"open","ping_status":"closed","template":"","meta":[],"countries":[4674,4709,4756,4813,4831,4862],"product_brand":[],"product_cat":[9981,9936,9990,9945,9478,13091,13056,13125,9963],"product_tag":[],"class_list":{"0":"post-161945","1":"product","2":"type-product","3":"status-publish","4":"has-post-thumbnail","6":"countries-by","7":"countries-cu","8":"countries-ir","9":"countries-kp","10":"countries-ru","11":"countries-sy","12":"product_cat-aeronautique-aerospatial-defense","13":"product_cat-agroalimentaire","14":"product_cat-autres-industries","15":"product_cat-batiment","16":"product_cat-analyses-caloporteurs","17":"product_cat-chauffage","18":"product_cat-climatisation","19":"product_cat-refrigeration-fr","20":"product_cat-sante-bien-etre","21":"pa_packaging-unite-fr-25","23":"first","24":"instock","25":"shipping-taxable","26":"purchasable","27":"product-type-variable"},"_links":{"self":[{"href":"https:\/\/climalife.com\/fr\/wp-json\/wp\/v2\/product\/161945","targetHints":{"allow":["GET"]}}],"collection":[{"href":"https:\/\/climalife.com\/fr\/wp-json\/wp\/v2\/product"}],"about":[{"href":"https:\/\/climalife.com\/fr\/wp-json\/wp\/v2\/types\/product"}],"replies":[{"embeddable":true,"href":"https:\/\/climalife.com\/fr\/wp-json\/wp\/v2\/comments?post=161945"}],"wp:featuredmedia":[{"embeddable":true,"href":"https:\/\/climalife.com\/fr\/wp-json\/wp\/v2\/media\/107532"}],"wp:attachment":[{"href":"https:\/\/climalife.com\/fr\/wp-json\/wp\/v2\/media?parent=161945"}],"wp:term":[{"taxonomy":"countries","embeddable":true,"href":"https:\/\/climalife.com\/fr\/wp-json\/wp\/v2\/countries?post=161945"},{"taxonomy":"product_brand","embeddable":true,"href":"https:\/\/climalife.com\/fr\/wp-json\/wp\/v2\/product_brand?post=161945"},{"taxonomy":"product_cat","embeddable":true,"href":"https:\/\/climalife.com\/fr\/wp-json\/wp\/v2\/product_cat?post=161945"},{"taxonomy":"product_tag","embeddable":true,"href":"https:\/\/climalife.com\/fr\/wp-json\/wp\/v2\/product_tag?post=161945"}],"curies":[{"name":"wp","href":"https:\/\/api.w.org\/{rel}","templated":true}]}}