{"id":161962,"date":"2022-09-28T17:57:34","date_gmt":"2022-09-28T17:57:34","guid":{"rendered":"http:\/\/climalife.com\/product\/novaspray-hfo-1234ze-dme-60-40\/"},"modified":"2024-10-11T09:04:52","modified_gmt":"2024-10-11T09:04:52","slug":"novaspray-hfo-1234ze-dme-60-40","status":"publish","type":"product","link":"https:\/\/climalife.com\/fr\/product\/novaspray-hfo-1234ze-dme-60-40\/","title":{"rendered":"NovaSpray\u2122 HFO 1234ze\/DME (60\/40)"},"content":{"rendered":"<p>Le Novaspray HFO 1234ze\/DME (60\/40) est un m\u00e9lange bas\u00e9 sur la 4\u00e8me g\u00e9n\u00e9ration de produit fluor\u00e9. Il est conforme \u00e0 la r\u00e9glementation environnementale sur la substitution des HFC.<\/p>\n<p>Il n&#8217;a aucun effet sur la couche d&#8217;ozone et son impact sur l&#8217;effet de serre est tr\u00e8s faible (PRP = 4,6). Il n&#8217;est donc pas concern\u00e9 par la F-Gas I (r\u00e8glement n\u00b0 842\/2006\/CE) et la F-Gas II (r\u00e8glement n\u00b0 517\/2014\/CE).<\/p>\n","protected":false},"excerpt":{"rendered":"<p>Le NovaSpray HFO 1234ze\/DME (60\/40) est un m\u00e9lange de NovaSpray HFO 1234ze et de NovaSpray DME de grade a\u00e9rosol. De qualit\u00e9 constante et de pression contr\u00f4l\u00e9e, il r\u00e9pond \u00e0 l\u2019ensemble des exigences requises pour un propulseur liqu\u00e9fi\u00e9.<\/p>\n","protected":false},"featured_media":126369,"comment_status":"open","ping_status":"closed","template":"","meta":[],"countries":[4674,4709,4756,4813,4831,4862],"product_brand":[],"product_cat":[9963,9990,13118,9640],"product_tag":[],"class_list":{"0":"post-161962","1":"product","2":"type-product","3":"status-publish","4":"has-post-thumbnail","6":"countries-by","7":"countries-cu","8":"countries-ir","9":"countries-kp","10":"countries-ru","11":"countries-sy","12":"product_cat-sante-bien-etre","13":"product_cat-autres-industries","14":"product_cat-propulseurs","15":"product_cat-melanges-hfo","16":"pa_packaging-bouteille-88-l-fr-122","18":"first","19":"instock","20":"shipping-taxable","21":"purchasable","22":"product-type-variable"},"_links":{"self":[{"href":"https:\/\/climalife.com\/fr\/wp-json\/wp\/v2\/product\/161962","targetHints":{"allow":["GET"]}}],"collection":[{"href":"https:\/\/climalife.com\/fr\/wp-json\/wp\/v2\/product"}],"about":[{"href":"https:\/\/climalife.com\/fr\/wp-json\/wp\/v2\/types\/product"}],"replies":[{"embeddable":true,"href":"https:\/\/climalife.com\/fr\/wp-json\/wp\/v2\/comments?post=161962"}],"wp:featuredmedia":[{"embeddable":true,"href":"https:\/\/climalife.com\/fr\/wp-json\/wp\/v2\/media\/126369"}],"wp:attachment":[{"href":"https:\/\/climalife.com\/fr\/wp-json\/wp\/v2\/media?parent=161962"}],"wp:term":[{"taxonomy":"countries","embeddable":true,"href":"https:\/\/climalife.com\/fr\/wp-json\/wp\/v2\/countries?post=161962"},{"taxonomy":"product_brand","embeddable":true,"href":"https:\/\/climalife.com\/fr\/wp-json\/wp\/v2\/product_brand?post=161962"},{"taxonomy":"product_cat","embeddable":true,"href":"https:\/\/climalife.com\/fr\/wp-json\/wp\/v2\/product_cat?post=161962"},{"taxonomy":"product_tag","embeddable":true,"href":"https:\/\/climalife.com\/fr\/wp-json\/wp\/v2\/product_tag?post=161962"}],"curies":[{"name":"wp","href":"https:\/\/api.w.org\/{rel}","templated":true}]}}