{"id":162032,"date":"2022-09-28T17:58:24","date_gmt":"2022-09-28T17:58:24","guid":{"rendered":"http:\/\/climalife.com\/product\/mobil-shc-gargoyle-80-poe\/"},"modified":"2025-08-07T12:01:49","modified_gmt":"2025-08-07T12:01:49","slug":"mobil-shc-gargoyle-80-poe","status":"publish","type":"product","link":"https:\/\/climalife.com\/fr\/product\/mobil-shc-gargoyle-80-poe\/","title":{"rendered":"MOBIL SHC GARGOYLE\u2122 80 POE"},"content":{"rendered":"<p>\u2022 Excellente protection contre l\u2019usure contribuant \u00e0\u00a0prolonger la dur\u00e9e de vie potentielle du compresseur.<\/p>\n<p>\u2022 Indice de viscosit\u00e9 \u00e9lev\u00e9 et excellente fluidit\u00e9 \u00e0 basse\u00a0temp\u00e9rature permettant d\u2019am\u00e9liorer l\u2019efficacit\u00e9 de\u00a0l\u2019\u00e9vaporateur.<\/p>\n<p>\u2022 Un faible coefficient de traction permet d\u2019am\u00e9liorer\u00a0l\u2019efficacit\u00e9 du syst\u00e8me et de r\u00e9duire la consommation\u00a0d\u2019\u00e9nergie.<\/p>\n<p>&nbsp;<\/p>\n<h3>Applications :<\/h3>\n<p>\u2022 Compresseurs frigorifiques \u00e0 pistons industriels utilis\u00e9s\u00a0dans l\u2019industrie agroalimentaire pour la pr\u00e9paration et la\u00a0cong\u00e9lation des aliments.<br \/>\n\u2022 Applications industrielles comme la surg\u00e9lation et les\u00a0chambres froides.<br \/>\n\u2022 Applications frigorifiques dans le domaine de la marine.<\/p>\n","protected":false},"excerpt":{"rendered":"<p>Mobil SHC Gargoyle 80 POE est une huile con\u00e7ue sp\u00e9cifiquement pour la lubrification des compresseurs fonctionnant au R-744 en application miscible.<\/p>\n","protected":false},"featured_media":118557,"comment_status":"open","ping_status":"closed","template":"","meta":[],"countries":[4674,4709,4756,4813,4831,4862],"product_brand":[],"product_cat":[9972,9936,9963,9990,13056,13125,13419],"product_tag":[],"class_list":{"0":"post-162032","1":"product","2":"type-product","3":"status-publish","4":"has-post-thumbnail","6":"countries-by","7":"countries-cu","8":"countries-ir","9":"countries-kp","10":"countries-ru","11":"countries-sy","12":"product_cat-automobile-transport","13":"product_cat-agroalimentaire","14":"product_cat-sante-bien-etre","15":"product_cat-autres-industries","16":"product_cat-climatisation","17":"product_cat-refrigeration-fr","18":"product_cat-poe-fr","19":"pa_packaging-bidon-20-l-fr-174","20":"pa_packaging-bidon-5-l-fr-35","22":"first","23":"instock","24":"shipping-taxable","25":"purchasable","26":"product-type-variable"},"_links":{"self":[{"href":"https:\/\/climalife.com\/fr\/wp-json\/wp\/v2\/product\/162032","targetHints":{"allow":["GET"]}}],"collection":[{"href":"https:\/\/climalife.com\/fr\/wp-json\/wp\/v2\/product"}],"about":[{"href":"https:\/\/climalife.com\/fr\/wp-json\/wp\/v2\/types\/product"}],"replies":[{"embeddable":true,"href":"https:\/\/climalife.com\/fr\/wp-json\/wp\/v2\/comments?post=162032"}],"wp:featuredmedia":[{"embeddable":true,"href":"https:\/\/climalife.com\/fr\/wp-json\/wp\/v2\/media\/118557"}],"wp:attachment":[{"href":"https:\/\/climalife.com\/fr\/wp-json\/wp\/v2\/media?parent=162032"}],"wp:term":[{"taxonomy":"countries","embeddable":true,"href":"https:\/\/climalife.com\/fr\/wp-json\/wp\/v2\/countries?post=162032"},{"taxonomy":"product_brand","embeddable":true,"href":"https:\/\/climalife.com\/fr\/wp-json\/wp\/v2\/product_brand?post=162032"},{"taxonomy":"product_cat","embeddable":true,"href":"https:\/\/climalife.com\/fr\/wp-json\/wp\/v2\/product_cat?post=162032"},{"taxonomy":"product_tag","embeddable":true,"href":"https:\/\/climalife.com\/fr\/wp-json\/wp\/v2\/product_tag?post=162032"}],"curies":[{"name":"wp","href":"https:\/\/api.w.org\/{rel}","templated":true}]}}