{"id":162042,"date":"2022-09-28T17:58:33","date_gmt":"2022-09-28T17:58:33","guid":{"rendered":"http:\/\/climalife.com\/product\/solstice-zd-r-1233zd\/"},"modified":"2024-11-28T13:34:23","modified_gmt":"2024-11-28T13:34:23","slug":"solstice-zd-r-1233zd","status":"publish","type":"product","link":"https:\/\/climalife.com\/fr\/product\/solstice-zd-r-1233zd\/","title":{"rendered":"R-1233zd Solstice\u00ae zd"},"content":{"rendered":"<p>Utiliser une huile polyolester (POE).<\/p>\n","protected":false},"excerpt":{"rendered":"<p>Le R-1233zd (Solstice<sup>\u00ae<\/sup> zd)est un gaz fluor\u00e9 de la famille des hydrofluoro-ol\u00e9fine (HFO) \u00e0 tr\u00e8s faible GWP basse pression, destin\u00e9 aux applications de conditionnement d\u2019air industrielles et \u00e0 la climatisation des b\u00e2timents pour le refroidissement des eaux ou de fluides interm\u00e9diaires, dans des installations de grande puissance \u00e9quip\u00e9es de compresseurs centrifuges (1 ou plusieurs \u00e9tages) en remplacement du R-123 dans des installations neuves dimensionn\u00e9es pour ce fluide.<\/p>\n","protected":false},"featured_media":117432,"comment_status":"open","ping_status":"closed","template":"","meta":[],"countries":[4674,4709,4756,4813,4831,4862],"product_brand":[],"product_cat":[9981,9936,9990,9945,13091,13056,9954,9658,13109,13125,9963],"product_tag":[],"class_list":{"0":"post-162042","1":"product","2":"type-product","3":"status-publish","4":"has-post-thumbnail","6":"countries-by","7":"countries-cu","8":"countries-ir","9":"countries-kp","10":"countries-ru","11":"countries-sy","12":"product_cat-aeronautique-aerospatial-defense","13":"product_cat-agroalimentaire","14":"product_cat-autres-industries","15":"product_cat-batiment","16":"product_cat-chauffage","17":"product_cat-climatisation","18":"product_cat-energie","19":"product_cat-hfo-fr-23","20":"product_cat-orc-cycle-organique-de-rankine","21":"product_cat-refrigeration-fr","22":"product_cat-sante-bien-etre","23":"pa_packaging-bouteille-52-l-fr-72","24":"pa_packaging-conteneur-448-l-fr-74","25":"pa_packaging-conteneur-930-l-fr-76","26":"pa_packaging-cubikool","28":"first","29":"instock","30":"shipping-taxable","31":"purchasable","32":"product-type-variable"},"_links":{"self":[{"href":"https:\/\/climalife.com\/fr\/wp-json\/wp\/v2\/product\/162042","targetHints":{"allow":["GET"]}}],"collection":[{"href":"https:\/\/climalife.com\/fr\/wp-json\/wp\/v2\/product"}],"about":[{"href":"https:\/\/climalife.com\/fr\/wp-json\/wp\/v2\/types\/product"}],"replies":[{"embeddable":true,"href":"https:\/\/climalife.com\/fr\/wp-json\/wp\/v2\/comments?post=162042"}],"wp:featuredmedia":[{"embeddable":true,"href":"https:\/\/climalife.com\/fr\/wp-json\/wp\/v2\/media\/117432"}],"wp:attachment":[{"href":"https:\/\/climalife.com\/fr\/wp-json\/wp\/v2\/media?parent=162042"}],"wp:term":[{"taxonomy":"countries","embeddable":true,"href":"https:\/\/climalife.com\/fr\/wp-json\/wp\/v2\/countries?post=162042"},{"taxonomy":"product_brand","embeddable":true,"href":"https:\/\/climalife.com\/fr\/wp-json\/wp\/v2\/product_brand?post=162042"},{"taxonomy":"product_cat","embeddable":true,"href":"https:\/\/climalife.com\/fr\/wp-json\/wp\/v2\/product_cat?post=162042"},{"taxonomy":"product_tag","embeddable":true,"href":"https:\/\/climalife.com\/fr\/wp-json\/wp\/v2\/product_tag?post=162042"}],"curies":[{"name":"wp","href":"https:\/\/api.w.org\/{rel}","templated":true}]}}