{"id":162054,"date":"2022-09-28T17:58:42","date_gmt":"2022-09-28T17:58:42","guid":{"rendered":"http:\/\/climalife.com\/product\/solstice-n40-r-448a\/"},"modified":"2025-02-12T14:47:48","modified_gmt":"2025-02-12T14:47:48","slug":"solstice-n40-r-448a","status":"publish","type":"product","link":"https:\/\/climalife.com\/fr\/product\/solstice-n40-r-448a\/","title":{"rendered":"R-448A Solstice\u00ae N40"},"content":{"rendered":"<p>Il est adapt\u00e9 pour les installations de type centrales frigorifiques pour grandes surfaces (supermarch\u00e9s et hypermarch\u00e9s), entrep\u00f4ts frigorifiques, installations de surg\u00e9lation, meubles pour la conservation des produits congel\u00e9s et transports frigorifiques. Utiliser une huile polyolester (POE).<\/p>\n","protected":false},"excerpt":{"rendered":"<p>Le R-448A (Solstice<sup>\u00ae<\/sup> N40)est un fluide frigorig\u00e8ne, m\u00e9lange non az\u00e9otropique \u00e0 base HFC et de HFO \u00e0 faible GWP, destin\u00e9 au remplacement du R-404A en installations neuves ou existantes dans les applications de r\u00e9frig\u00e9ration commerciale et industrielle.<\/p>\n","protected":false},"featured_media":116442,"comment_status":"open","ping_status":"closed","template":"","meta":[],"countries":[4674,4709,4756,4813,4831,4862],"product_brand":[],"product_cat":[9981,9972,9936,9963,9990,13125,9604],"product_tag":[],"class_list":{"0":"post-162054","1":"product","2":"type-product","3":"status-publish","4":"has-post-thumbnail","6":"countries-by","7":"countries-cu","8":"countries-ir","9":"countries-kp","10":"countries-ru","11":"countries-sy","12":"product_cat-aeronautique-aerospatial-defense","13":"product_cat-automobile-transport","14":"product_cat-agroalimentaire","15":"product_cat-sante-bien-etre","16":"product_cat-autres-industries","17":"product_cat-refrigeration-fr","18":"product_cat-melanges-hfc-hfo","19":"pa_packaging-bouteille-52-l-fr-72","20":"pa_packaging-conteneur-448-l-fr-74","21":"pa_packaging-conteneur-930-l-fr-76","22":"pa_packaging-cubikool","24":"first","25":"instock","26":"shipping-taxable","27":"purchasable","28":"product-type-variable"},"_links":{"self":[{"href":"https:\/\/climalife.com\/fr\/wp-json\/wp\/v2\/product\/162054","targetHints":{"allow":["GET"]}}],"collection":[{"href":"https:\/\/climalife.com\/fr\/wp-json\/wp\/v2\/product"}],"about":[{"href":"https:\/\/climalife.com\/fr\/wp-json\/wp\/v2\/types\/product"}],"replies":[{"embeddable":true,"href":"https:\/\/climalife.com\/fr\/wp-json\/wp\/v2\/comments?post=162054"}],"wp:featuredmedia":[{"embeddable":true,"href":"https:\/\/climalife.com\/fr\/wp-json\/wp\/v2\/media\/116442"}],"wp:attachment":[{"href":"https:\/\/climalife.com\/fr\/wp-json\/wp\/v2\/media?parent=162054"}],"wp:term":[{"taxonomy":"countries","embeddable":true,"href":"https:\/\/climalife.com\/fr\/wp-json\/wp\/v2\/countries?post=162054"},{"taxonomy":"product_brand","embeddable":true,"href":"https:\/\/climalife.com\/fr\/wp-json\/wp\/v2\/product_brand?post=162054"},{"taxonomy":"product_cat","embeddable":true,"href":"https:\/\/climalife.com\/fr\/wp-json\/wp\/v2\/product_cat?post=162054"},{"taxonomy":"product_tag","embeddable":true,"href":"https:\/\/climalife.com\/fr\/wp-json\/wp\/v2\/product_tag?post=162054"}],"curies":[{"name":"wp","href":"https:\/\/api.w.org\/{rel}","templated":true}]}}