{"id":162134,"date":"2022-09-28T17:59:32","date_gmt":"2022-09-28T17:59:32","guid":{"rendered":"http:\/\/climalife.com\/product\/neutraguard-neo\/"},"modified":"2025-12-11T09:11:06","modified_gmt":"2025-12-11T09:11:06","slug":"neutraguard-neo","status":"publish","type":"product","link":"https:\/\/climalife.com\/fr\/product\/neutraguard-neo\/","title":{"rendered":"Neutraguard\u00ae Neo"},"content":{"rendered":"<p>Apr\u00e8s sa dilution dans l&#8217;eau, le <strong>NEUTRAGUARD<sup>\u00ae<\/sup> NEO <\/strong>permet d&#8217;obtenir une excellente protection contre le gel et une protection renforc\u00e9e contre la corrosion des m\u00e9taux pr\u00e9sents dans les diff\u00e9rents circuits de conception ancienne ou r\u00e9cente (acier, aluminium, cuivre, laiton, soudure, etc.) ; cette protection a \u00e9t\u00e9 valid\u00e9e par de nombreux tests \u00e0 chaud statiques ou dynamiques.<\/p>\n","protected":false},"excerpt":{"rendered":"<p>Le NEUTRAGUARD \u00ae NEO, \u00e0 base de Mono Propyl\u00e8ne Glycol et d&#8217;inhibiteurs de corrosion, est un fluide caloporteur antigel concentr\u00e9 pour les circuits de chauffage central \u00e0 circulation d\u2019eau, les installations avec capteurs solaires, planchers chauffants et g\u00e9othermie.<\/p>\n","protected":false},"featured_media":196561,"comment_status":"open","ping_status":"closed","template":"","meta":[],"countries":[4674,4709,4756,4813,4831,4862],"product_brand":[],"product_cat":[9990,9945,13091,9954,13533],"product_tag":[],"class_list":{"0":"post-162134","1":"product","2":"type-product","3":"status-publish","4":"has-post-thumbnail","6":"countries-by","7":"countries-cu","8":"countries-ir","9":"countries-kp","10":"countries-ru","11":"countries-sy","12":"product_cat-autres-industries","13":"product_cat-batiment","14":"product_cat-chauffage","15":"product_cat-energie","16":"product_cat-mpg-fr","17":"pa_packaging-bidon-20-l-fr-36","18":"pa_packaging-conteneur-1000-kg-fr-139","19":"pa_packaging-fut-210-l-fr-28","21":"first","22":"instock","23":"shipping-taxable","24":"purchasable","25":"product-type-variable"},"_links":{"self":[{"href":"https:\/\/climalife.com\/fr\/wp-json\/wp\/v2\/product\/162134","targetHints":{"allow":["GET"]}}],"collection":[{"href":"https:\/\/climalife.com\/fr\/wp-json\/wp\/v2\/product"}],"about":[{"href":"https:\/\/climalife.com\/fr\/wp-json\/wp\/v2\/types\/product"}],"replies":[{"embeddable":true,"href":"https:\/\/climalife.com\/fr\/wp-json\/wp\/v2\/comments?post=162134"}],"wp:featuredmedia":[{"embeddable":true,"href":"https:\/\/climalife.com\/fr\/wp-json\/wp\/v2\/media\/196561"}],"wp:attachment":[{"href":"https:\/\/climalife.com\/fr\/wp-json\/wp\/v2\/media?parent=162134"}],"wp:term":[{"taxonomy":"countries","embeddable":true,"href":"https:\/\/climalife.com\/fr\/wp-json\/wp\/v2\/countries?post=162134"},{"taxonomy":"product_brand","embeddable":true,"href":"https:\/\/climalife.com\/fr\/wp-json\/wp\/v2\/product_brand?post=162134"},{"taxonomy":"product_cat","embeddable":true,"href":"https:\/\/climalife.com\/fr\/wp-json\/wp\/v2\/product_cat?post=162134"},{"taxonomy":"product_tag","embeddable":true,"href":"https:\/\/climalife.com\/fr\/wp-json\/wp\/v2\/product_tag?post=162134"}],"curies":[{"name":"wp","href":"https:\/\/api.w.org\/{rel}","templated":true}]}}