{"id":162144,"date":"2022-09-28T17:59:41","date_gmt":"2022-09-28T17:59:41","guid":{"rendered":"http:\/\/climalife.com\/product\/neutragel-neo-pret-a-lemploi\/"},"modified":"2026-02-06T07:50:39","modified_gmt":"2026-02-06T07:50:39","slug":"neutragel-neo-pret-a-lemploi","status":"publish","type":"product","link":"https:\/\/climalife.com\/fr\/product\/neutragel-neo-pret-a-lemploi\/","title":{"rendered":"Neutragel\u00ae Neo pr\u00eat \u00e0 l&#8217;emploi"},"content":{"rendered":"<p>Apr\u00e8s sa dilution dans l&#8217;eau, le <strong>Neutragel<\/strong><strong><sup>\u00ae<\/sup><\/strong><strong> Neo<\/strong> permet d&#8217;obtenir une excellente protection contre le gel et une protection renforc\u00e9e contre la corrosion des m\u00e9taux pr\u00e9sents dans les diff\u00e9rents circuits de conception ancienne ou r\u00e9cente (acier, aluminium, cuivre, laiton, soudure, etc.) ; cette protection a \u00e9t\u00e9 valid\u00e9e par de nombreux tests statiques ou dynamiques<\/p>\n","protected":false},"excerpt":{"rendered":"<p>Le Neutragel<sup>\u00ae<\/sup> Neo, \u00e0 base de mono\u00e9thyl\u00e8ne glycol am\u00e9ris\u00e9 et d&#8217;inhibiteurs de corrosion, est un fluide caloporteur antigel pr\u00eat \u00e0 l&#8217;emploi pour les circuits des installations frigorifiques travaillant \u00e0 basse temp\u00e9rature et les installations de conditionnement d\u2019air. Son usage n\u2019est pas autoris\u00e9 en r\u00e9seau d\u2019eau chaude sanitaire avec \u00e9changeur simple \u00e9change.<\/p>\n","protected":false},"featured_media":198419,"comment_status":"open","ping_status":"closed","template":"","meta":[],"countries":[4674,4709,4756,4813,4831,4862],"product_brand":[],"product_cat":[9981,9945,9954,9936,9963,9990,13056,13082,13125,13525],"product_tag":[],"class_list":{"0":"post-162144","1":"product","2":"type-product","3":"status-publish","4":"has-post-thumbnail","6":"countries-by","7":"countries-cu","8":"countries-ir","9":"countries-kp","10":"countries-ru","11":"countries-sy","12":"product_cat-aeronautique-aerospatial-defense","13":"product_cat-batiment","14":"product_cat-energie","15":"product_cat-agroalimentaire","16":"product_cat-sante-bien-etre","17":"product_cat-autres-industries","18":"product_cat-climatisation","19":"product_cat-protection-incendie","20":"product_cat-refrigeration-fr","21":"product_cat-meg-fr","22":"pa_packaging-conteneur-1000-kg-fr-139","23":"pa_packaging-fut-210-l-fr-28","24":"pa_packaging-vrac-10-t-fr-140","25":"pa_packaging-vrac-20-t-fr-141","26":"pa_packaging-vrac-5-t-fr-144","27":"pa_protection-13-c-fr-151","28":"pa_protection-16c-fr-152","29":"pa_protection-18c-fr-145","30":"pa_protection-20c-fr-146","31":"pa_protection-27c-fr-153","32":"pa_protection-32c-fr-154","33":"pa_protection-39c-fr-155","35":"first","36":"instock","37":"shipping-taxable","38":"purchasable","39":"product-type-variable"},"_links":{"self":[{"href":"https:\/\/climalife.com\/fr\/wp-json\/wp\/v2\/product\/162144","targetHints":{"allow":["GET"]}}],"collection":[{"href":"https:\/\/climalife.com\/fr\/wp-json\/wp\/v2\/product"}],"about":[{"href":"https:\/\/climalife.com\/fr\/wp-json\/wp\/v2\/types\/product"}],"replies":[{"embeddable":true,"href":"https:\/\/climalife.com\/fr\/wp-json\/wp\/v2\/comments?post=162144"}],"wp:featuredmedia":[{"embeddable":true,"href":"https:\/\/climalife.com\/fr\/wp-json\/wp\/v2\/media\/198419"}],"wp:attachment":[{"href":"https:\/\/climalife.com\/fr\/wp-json\/wp\/v2\/media?parent=162144"}],"wp:term":[{"taxonomy":"countries","embeddable":true,"href":"https:\/\/climalife.com\/fr\/wp-json\/wp\/v2\/countries?post=162144"},{"taxonomy":"product_brand","embeddable":true,"href":"https:\/\/climalife.com\/fr\/wp-json\/wp\/v2\/product_brand?post=162144"},{"taxonomy":"product_cat","embeddable":true,"href":"https:\/\/climalife.com\/fr\/wp-json\/wp\/v2\/product_cat?post=162144"},{"taxonomy":"product_tag","embeddable":true,"href":"https:\/\/climalife.com\/fr\/wp-json\/wp\/v2\/product_tag?post=162144"}],"curies":[{"name":"wp","href":"https:\/\/api.w.org\/{rel}","templated":true}]}}