{"id":162163,"date":"2022-09-28T17:59:57","date_gmt":"2022-09-28T17:59:57","guid":{"rendered":"http:\/\/climalife.com\/product\/bouteille-de-transfert\/"},"modified":"2024-01-25T13:52:21","modified_gmt":"2024-01-25T13:52:21","slug":"bouteille-de-transfert","status":"publish","type":"product","link":"https:\/\/climalife.com\/fr\/product\/bouteille-de-transfert\/","title":{"rendered":"Bouteille de transfert"},"content":{"rendered":"<p>Nos emballages de transfert sont nettoy\u00e9s et tir\u00e9s au vide pour \u00e9viter de polluer le fluide qui pourra alors \u00eatre recharg\u00e9 dans l&#8217;installation apr\u00e8s l&#8217;op\u00e9ration de maintenance.<\/p>\n","protected":false},"excerpt":{"rendered":"<p>Bouteille de transfert mise \u00e0 disposition. Pour la vidange temporaire des syst\u00e8mes avant remise du fluide dans les installations.<\/p>\n","protected":false},"featured_media":108711,"comment_status":"open","ping_status":"closed","template":"","meta":[],"countries":[4674,4709,4756,4813,4831,4862],"product_brand":[],"product_cat":[9981,9972,9945,9954,9936,9963,9990,13056,13091,13109,13125,13134,13257],"product_tag":[],"class_list":{"0":"post-162163","1":"product","2":"type-product","3":"status-publish","4":"has-post-thumbnail","6":"countries-by","7":"countries-cu","8":"countries-ir","9":"countries-kp","10":"countries-ru","11":"countries-sy","12":"product_cat-aeronautique-aerospatial-defense","13":"product_cat-automobile-transport","14":"product_cat-batiment","15":"product_cat-energie","16":"product_cat-agroalimentaire","17":"product_cat-sante-bien-etre","18":"product_cat-autres-industries","19":"product_cat-climatisation","20":"product_cat-chauffage","21":"product_cat-orc-cycle-organique-de-rankine","22":"product_cat-refrigeration-fr","23":"product_cat-energie-renouvelable","24":"product_cat-recuperation-des-fluides-frigorigenes","25":"pa_packaging-12-l-en-132","26":"pa_packaging-88-l-en-126","27":"pa_packaging-bouteille-26-l-fr-32","28":"pa_pressure-42-bars-en-242","30":"first","31":"instock","32":"shipping-taxable","33":"purchasable","34":"product-type-variable"},"_links":{"self":[{"href":"https:\/\/climalife.com\/fr\/wp-json\/wp\/v2\/product\/162163","targetHints":{"allow":["GET"]}}],"collection":[{"href":"https:\/\/climalife.com\/fr\/wp-json\/wp\/v2\/product"}],"about":[{"href":"https:\/\/climalife.com\/fr\/wp-json\/wp\/v2\/types\/product"}],"replies":[{"embeddable":true,"href":"https:\/\/climalife.com\/fr\/wp-json\/wp\/v2\/comments?post=162163"}],"wp:featuredmedia":[{"embeddable":true,"href":"https:\/\/climalife.com\/fr\/wp-json\/wp\/v2\/media\/108711"}],"wp:attachment":[{"href":"https:\/\/climalife.com\/fr\/wp-json\/wp\/v2\/media?parent=162163"}],"wp:term":[{"taxonomy":"countries","embeddable":true,"href":"https:\/\/climalife.com\/fr\/wp-json\/wp\/v2\/countries?post=162163"},{"taxonomy":"product_brand","embeddable":true,"href":"https:\/\/climalife.com\/fr\/wp-json\/wp\/v2\/product_brand?post=162163"},{"taxonomy":"product_cat","embeddable":true,"href":"https:\/\/climalife.com\/fr\/wp-json\/wp\/v2\/product_cat?post=162163"},{"taxonomy":"product_tag","embeddable":true,"href":"https:\/\/climalife.com\/fr\/wp-json\/wp\/v2\/product_tag?post=162163"}],"curies":[{"name":"wp","href":"https:\/\/api.w.org\/{rel}","templated":true}]}}