{"id":162173,"date":"2022-09-28T18:00:06","date_gmt":"2022-09-28T18:00:06","guid":{"rendered":"http:\/\/climalife.com\/product\/r-404a\/"},"modified":"2024-11-28T13:17:46","modified_gmt":"2024-11-28T13:17:46","slug":"r-404a","status":"publish","type":"product","link":"https:\/\/climalife.com\/fr\/product\/r-404a\/","title":{"rendered":"R-404A"},"content":{"rendered":"<p>Il est utilis\u00e9 de pr\u00e9f\u00e9rence pour les r\u00e9alisations des installations neuves de type centrales frigorifiques pour grandes surfaces de vente (supermarch\u00e9s et hypermarch\u00e9s), entrep\u00f4ts frigorifiques, installations de surg\u00e9lation alimentaire et meubles pour la conservation des aliments congel\u00e9s et les camions r\u00e9frig\u00e9r\u00e9s. Ce fluide peut \u00e9galement remplacer le R-502 dans les installations existantes suivant une proc\u00e9dure.<\/p>\n","protected":false},"excerpt":{"rendered":"<p>Le R-404A est un m\u00e9lange de remplacement &#8220;quasi-az\u00e9otropique&#8221;, de type HFC, mis au point pour le domaine du froid commercial et industriel et les transports frigorifiques.<\/p>\n","protected":false},"featured_media":108603,"comment_status":"open","ping_status":"closed","template":"","meta":[],"countries":[4674,4709,4756,4813,4831,4862],"product_brand":[],"product_cat":[9981,9936,9972,9990,9954,9442,13125,9963],"product_tag":[14938],"class_list":{"0":"post-162173","1":"product","2":"type-product","3":"status-publish","4":"has-post-thumbnail","6":"countries-by","7":"countries-cu","8":"countries-ir","9":"countries-kp","10":"countries-ru","11":"countries-sy","12":"product_cat-aeronautique-aerospatial-defense","13":"product_cat-agroalimentaire","14":"product_cat-automobile-transport","15":"product_cat-autres-industries","16":"product_cat-energie","17":"product_cat-hfc-fr-33","18":"product_cat-refrigeration-fr","19":"product_cat-sante-bien-etre","20":"product_tag-r404a","21":"pa_packaging-bouteille-52-l-fr-72","22":"pa_packaging-conteneur-448-l-fr-74","23":"pa_packaging-conteneur-930-l-fr-76","24":"pa_packaging-cubikool","25":"pa_packaging-friostar-fr-69","27":"first","28":"instock","29":"shipping-taxable","30":"purchasable","31":"product-type-variable"},"_links":{"self":[{"href":"https:\/\/climalife.com\/fr\/wp-json\/wp\/v2\/product\/162173","targetHints":{"allow":["GET"]}}],"collection":[{"href":"https:\/\/climalife.com\/fr\/wp-json\/wp\/v2\/product"}],"about":[{"href":"https:\/\/climalife.com\/fr\/wp-json\/wp\/v2\/types\/product"}],"replies":[{"embeddable":true,"href":"https:\/\/climalife.com\/fr\/wp-json\/wp\/v2\/comments?post=162173"}],"wp:featuredmedia":[{"embeddable":true,"href":"https:\/\/climalife.com\/fr\/wp-json\/wp\/v2\/media\/108603"}],"wp:attachment":[{"href":"https:\/\/climalife.com\/fr\/wp-json\/wp\/v2\/media?parent=162173"}],"wp:term":[{"taxonomy":"countries","embeddable":true,"href":"https:\/\/climalife.com\/fr\/wp-json\/wp\/v2\/countries?post=162173"},{"taxonomy":"product_brand","embeddable":true,"href":"https:\/\/climalife.com\/fr\/wp-json\/wp\/v2\/product_brand?post=162173"},{"taxonomy":"product_cat","embeddable":true,"href":"https:\/\/climalife.com\/fr\/wp-json\/wp\/v2\/product_cat?post=162173"},{"taxonomy":"product_tag","embeddable":true,"href":"https:\/\/climalife.com\/fr\/wp-json\/wp\/v2\/product_tag?post=162173"}],"curies":[{"name":"wp","href":"https:\/\/api.w.org\/{rel}","templated":true}]}}