{"id":162192,"date":"2022-09-28T18:00:23","date_gmt":"2022-09-28T18:00:23","guid":{"rendered":"http:\/\/climalife.com\/product\/nettoyant-n\/"},"modified":"2024-04-25T09:53:42","modified_gmt":"2024-04-25T09:53:42","slug":"nettoyant-n","status":"publish","type":"product","link":"https:\/\/climalife.com\/fr\/product\/nettoyant-n\/","title":{"rendered":"Nettoyant N"},"content":{"rendered":"<p>Fabrication \u00e0 la demande. Rin\u00e7age \u00e0 l&#8217;eau n\u00e9cessaire. Pr\u00eat \u00e0 l\u2019emploi.<\/p>\n","protected":false},"excerpt":{"rendered":"<p>Le nettoyant N nettoie les circuits apr\u00e8s des pollutions ou des contaminations non incrust\u00e9es ou les circuits fluides frigorig\u00e8nes en vue d&#8217;un passage en caloporteur.<\/p>\n","protected":false},"featured_media":107514,"comment_status":"open","ping_status":"closed","template":"","meta":[],"countries":[4674,4709,4756,4813,4831,4862],"product_brand":[],"product_cat":[9981,9945,9954,9936,9963,9990,13056,13091,13125,13134,9352],"product_tag":[],"class_list":{"0":"post-162192","1":"product","2":"type-product","3":"status-publish","4":"has-post-thumbnail","6":"countries-by","7":"countries-cu","8":"countries-ir","9":"countries-kp","10":"countries-ru","11":"countries-sy","12":"product_cat-aeronautique-aerospatial-defense","13":"product_cat-batiment","14":"product_cat-energie","15":"product_cat-agroalimentaire","16":"product_cat-sante-bien-etre","17":"product_cat-autres-industries","18":"product_cat-climatisation","19":"product_cat-chauffage","20":"product_cat-refrigeration-fr","21":"product_cat-energie-renouvelable","22":"product_cat-nettoyage-interne-des-circuits-frigoporteurs-caloporteurs","23":"pa_packaging-bidon-20-l-fr-36","24":"pa_packaging-conteneur-1000-kg-fr-139","25":"pa_packaging-fut-200-l-fr-39","27":"first","28":"instock","29":"shipping-taxable","30":"purchasable","31":"product-type-variable"},"_links":{"self":[{"href":"https:\/\/climalife.com\/fr\/wp-json\/wp\/v2\/product\/162192","targetHints":{"allow":["GET"]}}],"collection":[{"href":"https:\/\/climalife.com\/fr\/wp-json\/wp\/v2\/product"}],"about":[{"href":"https:\/\/climalife.com\/fr\/wp-json\/wp\/v2\/types\/product"}],"replies":[{"embeddable":true,"href":"https:\/\/climalife.com\/fr\/wp-json\/wp\/v2\/comments?post=162192"}],"wp:featuredmedia":[{"embeddable":true,"href":"https:\/\/climalife.com\/fr\/wp-json\/wp\/v2\/media\/107514"}],"wp:attachment":[{"href":"https:\/\/climalife.com\/fr\/wp-json\/wp\/v2\/media?parent=162192"}],"wp:term":[{"taxonomy":"countries","embeddable":true,"href":"https:\/\/climalife.com\/fr\/wp-json\/wp\/v2\/countries?post=162192"},{"taxonomy":"product_brand","embeddable":true,"href":"https:\/\/climalife.com\/fr\/wp-json\/wp\/v2\/product_brand?post=162192"},{"taxonomy":"product_cat","embeddable":true,"href":"https:\/\/climalife.com\/fr\/wp-json\/wp\/v2\/product_cat?post=162192"},{"taxonomy":"product_tag","embeddable":true,"href":"https:\/\/climalife.com\/fr\/wp-json\/wp\/v2\/product_tag?post=162192"}],"curies":[{"name":"wp","href":"https:\/\/api.w.org\/{rel}","templated":true}]}}