{"id":162250,"date":"2022-09-28T18:01:07","date_gmt":"2022-09-28T18:01:07","guid":{"rendered":"http:\/\/climalife.com\/product\/r-513a\/"},"modified":"2025-10-07T09:33:14","modified_gmt":"2025-10-07T09:33:14","slug":"r-513a","status":"publish","type":"product","link":"https:\/\/climalife.com\/fr\/product\/r-513a\/","title":{"rendered":"R-513A"},"content":{"rendered":"<p>Il est destin\u00e9 au remplacement du R-134a dans les applications frigorifiques domestiques, commerciales et industrielles, ainsi que dans celles du conditionnement de l\u2019air, refroidisseur de liquide et PAC. Il peut \u00eatre utilis\u00e9 dans les syst\u00e8mes \u00e0 d\u00e9tente directe et en noy\u00e9 (flood).<\/p>\n","protected":false},"excerpt":{"rendered":"<p>Le R-513A est un m\u00e9lange az\u00e9otrope de la famille des m\u00e9langes HFC\/HFO.<\/p>\n","protected":false},"featured_media":120735,"comment_status":"open","ping_status":"closed","template":"","meta":[],"countries":[4674,4709,4756,4813,4831,4862],"product_brand":[],"product_cat":[9981,9936,9990,9945,13091,13056,9954,9604,13125,9963],"product_tag":[],"class_list":{"0":"post-162250","1":"product","2":"type-product","3":"status-publish","4":"has-post-thumbnail","6":"countries-by","7":"countries-cu","8":"countries-ir","9":"countries-kp","10":"countries-ru","11":"countries-sy","12":"product_cat-aeronautique-aerospatial-defense","13":"product_cat-agroalimentaire","14":"product_cat-autres-industries","15":"product_cat-batiment","16":"product_cat-chauffage","17":"product_cat-climatisation","18":"product_cat-energie","19":"product_cat-melanges-hfc-hfo","20":"product_cat-refrigeration-fr","21":"product_cat-sante-bien-etre","22":"pa_packaging-bouteille-52-l-fr-72","23":"pa_packaging-conteneur-448-l-fr-74","24":"pa_packaging-conteneur-930-l-fr-76","25":"pa_packaging-cubikool","27":"first","28":"instock","29":"shipping-taxable","30":"purchasable","31":"product-type-variable"},"_links":{"self":[{"href":"https:\/\/climalife.com\/fr\/wp-json\/wp\/v2\/product\/162250","targetHints":{"allow":["GET"]}}],"collection":[{"href":"https:\/\/climalife.com\/fr\/wp-json\/wp\/v2\/product"}],"about":[{"href":"https:\/\/climalife.com\/fr\/wp-json\/wp\/v2\/types\/product"}],"replies":[{"embeddable":true,"href":"https:\/\/climalife.com\/fr\/wp-json\/wp\/v2\/comments?post=162250"}],"wp:featuredmedia":[{"embeddable":true,"href":"https:\/\/climalife.com\/fr\/wp-json\/wp\/v2\/media\/120735"}],"wp:attachment":[{"href":"https:\/\/climalife.com\/fr\/wp-json\/wp\/v2\/media?parent=162250"}],"wp:term":[{"taxonomy":"countries","embeddable":true,"href":"https:\/\/climalife.com\/fr\/wp-json\/wp\/v2\/countries?post=162250"},{"taxonomy":"product_brand","embeddable":true,"href":"https:\/\/climalife.com\/fr\/wp-json\/wp\/v2\/product_brand?post=162250"},{"taxonomy":"product_cat","embeddable":true,"href":"https:\/\/climalife.com\/fr\/wp-json\/wp\/v2\/product_cat?post=162250"},{"taxonomy":"product_tag","embeddable":true,"href":"https:\/\/climalife.com\/fr\/wp-json\/wp\/v2\/product_tag?post=162250"}],"curies":[{"name":"wp","href":"https:\/\/api.w.org\/{rel}","templated":true}]}}