{"id":162264,"date":"2022-09-28T18:01:17","date_gmt":"2022-09-28T18:01:17","guid":{"rendered":"http:\/\/climalife.com\/product\/capteurs-de-remplacement-mgs-150\/"},"modified":"2024-12-12T15:29:41","modified_gmt":"2024-12-12T15:29:41","slug":"capteurs-de-remplacement-mgs-150","status":"publish","type":"product","link":"https:\/\/climalife.com\/fr\/product\/capteurs-de-remplacement-mgs-150\/","title":{"rendered":"Capteurs de remplacement MGS 150"},"content":{"rendered":"<p>Ces d\u00e9tecteurs de fuites fixes facilitent et garantissent la mise en conformit\u00e9 aux codes de s\u00e9curit\u00e9 des salles des machines et de la r\u00e9frig\u00e9ration. Leur simplicit\u00e9 d\u2019utilisation offre \u00e9galement un gain de temps et d\u2019argent sur les machines et installations.<\/p>\n<p>Climalife assure la disponibilit\u00e9\u00a0 des capteurs de remplacement et des kits de calibration pour la s\u00e9rie MGS 150.<\/p>\n","protected":false},"excerpt":{"rendered":"<p>Capteurs de remplacement pour les contr\u00f4leurs d&#8217;ambiance MGS 150 qui sont d\u00e9sormais remplac\u00e9s par une nouvelle gamme : les controleurs MGS 400 series et MGS 550 series.<\/p>\n","protected":false},"featured_media":117450,"comment_status":"open","ping_status":"closed","template":"","meta":[],"countries":[4674,4709,4756,4760,4813,4831,4862],"product_brand":[],"product_cat":[9262],"product_tag":[],"class_list":{"0":"post-162264","1":"product","2":"type-product","3":"status-publish","4":"has-post-thumbnail","6":"countries-by","7":"countries-cu","8":"countries-ir","9":"countries-it","10":"countries-kp","11":"countries-ru","12":"countries-sy","13":"product_cat-detection-fixe","15":"first","16":"instock","17":"shipping-taxable","18":"purchasable","19":"product-type-simple"},"_links":{"self":[{"href":"https:\/\/climalife.com\/fr\/wp-json\/wp\/v2\/product\/162264","targetHints":{"allow":["GET"]}}],"collection":[{"href":"https:\/\/climalife.com\/fr\/wp-json\/wp\/v2\/product"}],"about":[{"href":"https:\/\/climalife.com\/fr\/wp-json\/wp\/v2\/types\/product"}],"replies":[{"embeddable":true,"href":"https:\/\/climalife.com\/fr\/wp-json\/wp\/v2\/comments?post=162264"}],"wp:featuredmedia":[{"embeddable":true,"href":"https:\/\/climalife.com\/fr\/wp-json\/wp\/v2\/media\/117450"}],"wp:attachment":[{"href":"https:\/\/climalife.com\/fr\/wp-json\/wp\/v2\/media?parent=162264"}],"wp:term":[{"taxonomy":"countries","embeddable":true,"href":"https:\/\/climalife.com\/fr\/wp-json\/wp\/v2\/countries?post=162264"},{"taxonomy":"product_brand","embeddable":true,"href":"https:\/\/climalife.com\/fr\/wp-json\/wp\/v2\/product_brand?post=162264"},{"taxonomy":"product_cat","embeddable":true,"href":"https:\/\/climalife.com\/fr\/wp-json\/wp\/v2\/product_cat?post=162264"},{"taxonomy":"product_tag","embeddable":true,"href":"https:\/\/climalife.com\/fr\/wp-json\/wp\/v2\/product_tag?post=162264"}],"curies":[{"name":"wp","href":"https:\/\/api.w.org\/{rel}","templated":true}]}}