{"id":162289,"date":"2022-10-05T00:58:10","date_gmt":"2022-10-05T00:58:10","guid":{"rendered":"http:\/\/climalife.com\/?post_type=product&#038;p=162289"},"modified":"2023-07-20T08:23:26","modified_gmt":"2023-07-20T08:23:26","slug":"conception-de-machine-de-recuperation-grv","status":"publish","type":"product","link":"https:\/\/climalife.com\/fr\/product\/conception-de-machine-de-recuperation-grv\/","title":{"rendered":"Conception de machine de r\u00e9cup\u00e9ration GRV"},"content":{"rendered":"<p>Con\u00e7ues pour r\u00e9cup\u00e9rer de fa\u00e7on pouss\u00e9e jusqu&#8217;\u00e0 1 mbar absolu tous les fluides frigorig\u00e8nes ou le SF<sub>6.<\/sub><\/p>\n<p>Les GRV sont particuli\u00e8rement adapt\u00e9s aux op\u00e9rations de transfert o\u00f9 le fluide r\u00e9cup\u00e9r\u00e9 est exempt de toute trace d&#8217;huile.<\/p>\n<p>Nous pouvons proposer plusieurs mod\u00e8les en fonction de votre cahier des charges (mobile, transportable,\u00e0 pression variable, phase liquide ou gaz, push-pull&#8230;)<\/p>\n<p>&nbsp;<\/p>\n","protected":false},"excerpt":{"rendered":"<p>Conception de machine de r\u00e9cup\u00e9ration et tirage au vide (GRV)<\/p>\n","protected":false},"featured_media":198047,"comment_status":"open","ping_status":"closed","template":"","meta":[],"countries":[4674,4709,4756,4813,4831,4862],"product_brand":[],"product_cat":[9218,9945,9954,9963,13065,13118,13125,13392],"product_tag":[],"class_list":{"0":"post-162289","1":"product","2":"type-product","3":"status-publish","4":"has-post-thumbnail","6":"countries-by","7":"countries-cu","8":"countries-ir","9":"countries-kp","10":"countries-ru","11":"countries-sy","12":"product_cat-industries","13":"product_cat-batiment","14":"product_cat-energie","15":"product_cat-sante-bien-etre","16":"product_cat-protection-dielectrique-sf6","17":"product_cat-propulseurs","18":"product_cat-refrigeration-fr","19":"product_cat-groupes-transfert-et-recuperation","21":"first","22":"instock","23":"shipping-taxable","24":"purchasable","25":"product-type-simple"},"_links":{"self":[{"href":"https:\/\/climalife.com\/fr\/wp-json\/wp\/v2\/product\/162289","targetHints":{"allow":["GET"]}}],"collection":[{"href":"https:\/\/climalife.com\/fr\/wp-json\/wp\/v2\/product"}],"about":[{"href":"https:\/\/climalife.com\/fr\/wp-json\/wp\/v2\/types\/product"}],"replies":[{"embeddable":true,"href":"https:\/\/climalife.com\/fr\/wp-json\/wp\/v2\/comments?post=162289"}],"wp:featuredmedia":[{"embeddable":true,"href":"https:\/\/climalife.com\/fr\/wp-json\/wp\/v2\/media\/198047"}],"wp:attachment":[{"href":"https:\/\/climalife.com\/fr\/wp-json\/wp\/v2\/media?parent=162289"}],"wp:term":[{"taxonomy":"countries","embeddable":true,"href":"https:\/\/climalife.com\/fr\/wp-json\/wp\/v2\/countries?post=162289"},{"taxonomy":"product_brand","embeddable":true,"href":"https:\/\/climalife.com\/fr\/wp-json\/wp\/v2\/product_brand?post=162289"},{"taxonomy":"product_cat","embeddable":true,"href":"https:\/\/climalife.com\/fr\/wp-json\/wp\/v2\/product_cat?post=162289"},{"taxonomy":"product_tag","embeddable":true,"href":"https:\/\/climalife.com\/fr\/wp-json\/wp\/v2\/product_tag?post=162289"}],"curies":[{"name":"wp","href":"https:\/\/api.w.org\/{rel}","templated":true}]}}