{"id":162358,"date":"2022-09-28T18:02:47","date_gmt":"2022-09-28T18:02:47","guid":{"rendered":"http:\/\/climalife.com\/product\/r-23\/"},"modified":"2024-11-28T13:03:25","modified_gmt":"2024-11-28T13:03:25","slug":"r-23","status":"publish","type":"product","link":"https:\/\/climalife.com\/fr\/product\/r-23\/","title":{"rendered":"R-23"},"content":{"rendered":"<p>Il est employ\u00e9 pour le deuxi\u00e8me \u00e9tage d&#8217;un syst\u00e8me frigorifique en cascade, le premier pouvant fonctionner avec du R-404A ou R-507 (enceintes climatiques, lyophilisateurs).<\/p>\n","protected":false},"excerpt":{"rendered":"<p>Le R-23 est un compos\u00e9 &#8220;hydrofluorocarbone (HFC)&#8221; destin\u00e9 aux installations \u00e0 tr\u00e8s basses temp\u00e9ratures (-60 \u00e0 -100\u00b0C) avec des compresseurs \u00e0 pistons ou rotatifs.<\/p>\n","protected":false},"featured_media":201080,"comment_status":"open","ping_status":"closed","template":"","meta":[],"countries":[4674,4709,4756,4813,4831,4862],"product_brand":[],"product_cat":[9981,9963,9990,13125,9442],"product_tag":[],"class_list":{"0":"post-162358","1":"product","2":"type-product","3":"status-publish","4":"has-post-thumbnail","6":"countries-by","7":"countries-cu","8":"countries-ir","9":"countries-kp","10":"countries-ru","11":"countries-sy","12":"product_cat-aeronautique-aerospatial-defense","13":"product_cat-sante-bien-etre","14":"product_cat-autres-industries","15":"product_cat-refrigeration-fr","16":"product_cat-hfc-fr-33","17":"pa_packaging-bouteille-134-l-fr-115","18":"pa_packaging-bouteille-50-l-fr-118","20":"first","21":"instock","22":"shipping-taxable","23":"purchasable","24":"product-type-variable"},"_links":{"self":[{"href":"https:\/\/climalife.com\/fr\/wp-json\/wp\/v2\/product\/162358","targetHints":{"allow":["GET"]}}],"collection":[{"href":"https:\/\/climalife.com\/fr\/wp-json\/wp\/v2\/product"}],"about":[{"href":"https:\/\/climalife.com\/fr\/wp-json\/wp\/v2\/types\/product"}],"replies":[{"embeddable":true,"href":"https:\/\/climalife.com\/fr\/wp-json\/wp\/v2\/comments?post=162358"}],"wp:featuredmedia":[{"embeddable":true,"href":"https:\/\/climalife.com\/fr\/wp-json\/wp\/v2\/media\/201080"}],"wp:attachment":[{"href":"https:\/\/climalife.com\/fr\/wp-json\/wp\/v2\/media?parent=162358"}],"wp:term":[{"taxonomy":"countries","embeddable":true,"href":"https:\/\/climalife.com\/fr\/wp-json\/wp\/v2\/countries?post=162358"},{"taxonomy":"product_brand","embeddable":true,"href":"https:\/\/climalife.com\/fr\/wp-json\/wp\/v2\/product_brand?post=162358"},{"taxonomy":"product_cat","embeddable":true,"href":"https:\/\/climalife.com\/fr\/wp-json\/wp\/v2\/product_cat?post=162358"},{"taxonomy":"product_tag","embeddable":true,"href":"https:\/\/climalife.com\/fr\/wp-json\/wp\/v2\/product_tag?post=162358"}],"curies":[{"name":"wp","href":"https:\/\/api.w.org\/{rel}","templated":true}]}}