{"id":162367,"date":"2022-09-28T18:02:56","date_gmt":"2022-09-28T18:02:56","guid":{"rendered":"http:\/\/climalife.com\/product\/total-lunaria-nh-68\/"},"modified":"2024-01-25T13:52:09","modified_gmt":"2024-01-25T13:52:09","slug":"total-lunaria-nh-68","status":"publish","type":"product","link":"https:\/\/climalife.com\/fr\/product\/total-lunaria-nh-68\/","title":{"rendered":"Total Lunaria NH 68"},"content":{"rendered":"<p><strong>Utilisations :<\/strong><br \/>\n&#8211; Lubrification des compresseurs alternatifs (mouvements, cylindres, garnitures d&#8217;\u00e9tanch\u00e9it\u00e9).<br \/>\n&#8211; Lubrification des compresseurs rotatifs.<br \/>\n&#8211; Domaine d&#8217;utilisation: temp\u00e9rature \u00e0 l&#8217;\u00e9vaporateur sup\u00e9rieure \u00e0 -30\u00b0C.<\/p>\n","protected":false},"excerpt":{"rendered":"<p>Total Lunaria NH 68 est une huile min\u00e9rale additiv\u00e9e pour le graissage des compresseurs frigorifiques utilisant comme fluide frigorig\u00e8ne le gaz ammoniac (R-717).<\/p>\n","protected":false},"featured_media":108162,"comment_status":"open","ping_status":"closed","template":"","meta":[],"countries":[4674,4709,4756,4813,4831,4862],"product_brand":[],"product_cat":[9981,9936,9963,9990,13091,13125,9343],"product_tag":[],"class_list":{"0":"post-162367","1":"product","2":"type-product","3":"status-publish","4":"has-post-thumbnail","6":"countries-by","7":"countries-cu","8":"countries-ir","9":"countries-kp","10":"countries-ru","11":"countries-sy","12":"product_cat-aeronautique-aerospatial-defense","13":"product_cat-agroalimentaire","14":"product_cat-sante-bien-etre","15":"product_cat-autres-industries","16":"product_cat-chauffage","17":"product_cat-refrigeration-fr","18":"product_cat-les-huiles-minerales","19":"pa_packaging-208-l-barrel-en-49","20":"pa_packaging-can-20-l-en-36","22":"first","23":"instock","24":"shipping-taxable","25":"purchasable","26":"product-type-variable"},"_links":{"self":[{"href":"https:\/\/climalife.com\/fr\/wp-json\/wp\/v2\/product\/162367","targetHints":{"allow":["GET"]}}],"collection":[{"href":"https:\/\/climalife.com\/fr\/wp-json\/wp\/v2\/product"}],"about":[{"href":"https:\/\/climalife.com\/fr\/wp-json\/wp\/v2\/types\/product"}],"replies":[{"embeddable":true,"href":"https:\/\/climalife.com\/fr\/wp-json\/wp\/v2\/comments?post=162367"}],"wp:featuredmedia":[{"embeddable":true,"href":"https:\/\/climalife.com\/fr\/wp-json\/wp\/v2\/media\/108162"}],"wp:attachment":[{"href":"https:\/\/climalife.com\/fr\/wp-json\/wp\/v2\/media?parent=162367"}],"wp:term":[{"taxonomy":"countries","embeddable":true,"href":"https:\/\/climalife.com\/fr\/wp-json\/wp\/v2\/countries?post=162367"},{"taxonomy":"product_brand","embeddable":true,"href":"https:\/\/climalife.com\/fr\/wp-json\/wp\/v2\/product_brand?post=162367"},{"taxonomy":"product_cat","embeddable":true,"href":"https:\/\/climalife.com\/fr\/wp-json\/wp\/v2\/product_cat?post=162367"},{"taxonomy":"product_tag","embeddable":true,"href":"https:\/\/climalife.com\/fr\/wp-json\/wp\/v2\/product_tag?post=162367"}],"curies":[{"name":"wp","href":"https:\/\/api.w.org\/{rel}","templated":true}]}}