{"id":162376,"date":"2022-09-28T18:03:06","date_gmt":"2022-09-28T18:03:06","guid":{"rendered":"http:\/\/climalife.com\/product\/dispersant-d\/"},"modified":"2024-01-25T13:52:09","modified_gmt":"2024-01-25T13:52:09","slug":"dispersant-d","status":"publish","type":"product","link":"https:\/\/climalife.com\/fr\/product\/dispersant-d\/","title":{"rendered":"Dispersant D"},"content":{"rendered":"<p>Dosage entre 20 g et 50 g \/ l d&#8217;eau. Rin\u00e7age \u00e0 l&#8217;eau n\u00e9cessaire.<\/p>\n","protected":false},"excerpt":{"rendered":"<p>Le dispersant D \u00e9limine les oxydes m\u00e9talliques et les boues non incrust\u00e9es dans les circuits caloporteurs.<\/p>\n","protected":false},"featured_media":180170,"comment_status":"open","ping_status":"closed","template":"","meta":[],"countries":[4674,4709,4756,4813,4831,4862],"product_brand":[],"product_cat":[9981,9945,9954,9936,9963,9990,13056,13091,13125,13134,9352],"product_tag":[],"class_list":{"0":"post-162376","1":"product","2":"type-product","3":"status-publish","4":"has-post-thumbnail","6":"countries-by","7":"countries-cu","8":"countries-ir","9":"countries-kp","10":"countries-ru","11":"countries-sy","12":"product_cat-aeronautique-aerospatial-defense","13":"product_cat-batiment","14":"product_cat-energie","15":"product_cat-agroalimentaire","16":"product_cat-sante-bien-etre","17":"product_cat-autres-industries","18":"product_cat-climatisation","19":"product_cat-chauffage","20":"product_cat-refrigeration-fr","21":"product_cat-energie-renouvelable","22":"product_cat-nettoyage-interne-des-circuits-frigoporteurs-caloporteurs","23":"pa_packaging-bidon-20-kg-fr-38","25":"first","26":"instock","27":"shipping-taxable","28":"purchasable","29":"product-type-variable"},"_links":{"self":[{"href":"https:\/\/climalife.com\/fr\/wp-json\/wp\/v2\/product\/162376","targetHints":{"allow":["GET"]}}],"collection":[{"href":"https:\/\/climalife.com\/fr\/wp-json\/wp\/v2\/product"}],"about":[{"href":"https:\/\/climalife.com\/fr\/wp-json\/wp\/v2\/types\/product"}],"replies":[{"embeddable":true,"href":"https:\/\/climalife.com\/fr\/wp-json\/wp\/v2\/comments?post=162376"}],"wp:featuredmedia":[{"embeddable":true,"href":"https:\/\/climalife.com\/fr\/wp-json\/wp\/v2\/media\/180170"}],"wp:attachment":[{"href":"https:\/\/climalife.com\/fr\/wp-json\/wp\/v2\/media?parent=162376"}],"wp:term":[{"taxonomy":"countries","embeddable":true,"href":"https:\/\/climalife.com\/fr\/wp-json\/wp\/v2\/countries?post=162376"},{"taxonomy":"product_brand","embeddable":true,"href":"https:\/\/climalife.com\/fr\/wp-json\/wp\/v2\/product_brand?post=162376"},{"taxonomy":"product_cat","embeddable":true,"href":"https:\/\/climalife.com\/fr\/wp-json\/wp\/v2\/product_cat?post=162376"},{"taxonomy":"product_tag","embeddable":true,"href":"https:\/\/climalife.com\/fr\/wp-json\/wp\/v2\/product_tag?post=162376"}],"curies":[{"name":"wp","href":"https:\/\/api.w.org\/{rel}","templated":true}]}}