{"id":162405,"date":"2022-09-28T18:03:37","date_gmt":"2022-09-28T18:03:37","guid":{"rendered":"http:\/\/climalife.com\/product\/point-de-congelation\/"},"modified":"2024-01-25T13:52:07","modified_gmt":"2024-01-25T13:52:07","slug":"point-de-congelation","status":"publish","type":"product","link":"https:\/\/climalife.com\/fr\/product\/point-de-congelation\/","title":{"rendered":"Point de cong\u00e9lation"},"content":{"rendered":"","protected":false},"excerpt":{"rendered":"<p>Le point de cong\u00e9lation permet de contr\u00f4ler la protection antigel du caloporteur.<\/p>\n","protected":false},"featured_media":107532,"comment_status":"open","ping_status":"closed","template":"","meta":[],"countries":[4674,4709,4756,4813,4831,4862],"product_brand":[],"product_cat":[9981,9936,9990,9945,9478,13091,13056,13125,9963],"product_tag":[],"class_list":{"0":"post-162405","1":"product","2":"type-product","3":"status-publish","4":"has-post-thumbnail","6":"countries-by","7":"countries-cu","8":"countries-ir","9":"countries-kp","10":"countries-ru","11":"countries-sy","12":"product_cat-aeronautique-aerospatial-defense","13":"product_cat-agroalimentaire","14":"product_cat-autres-industries","15":"product_cat-batiment","16":"product_cat-analyses-caloporteurs","17":"product_cat-chauffage","18":"product_cat-climatisation","19":"product_cat-refrigeration-fr","20":"product_cat-sante-bien-etre","21":"pa_packaging-unite-fr-25","23":"first","24":"instock","25":"shipping-taxable","26":"purchasable","27":"product-type-variable"},"_links":{"self":[{"href":"https:\/\/climalife.com\/fr\/wp-json\/wp\/v2\/product\/162405","targetHints":{"allow":["GET"]}}],"collection":[{"href":"https:\/\/climalife.com\/fr\/wp-json\/wp\/v2\/product"}],"about":[{"href":"https:\/\/climalife.com\/fr\/wp-json\/wp\/v2\/types\/product"}],"replies":[{"embeddable":true,"href":"https:\/\/climalife.com\/fr\/wp-json\/wp\/v2\/comments?post=162405"}],"wp:featuredmedia":[{"embeddable":true,"href":"https:\/\/climalife.com\/fr\/wp-json\/wp\/v2\/media\/107532"}],"wp:attachment":[{"href":"https:\/\/climalife.com\/fr\/wp-json\/wp\/v2\/media?parent=162405"}],"wp:term":[{"taxonomy":"countries","embeddable":true,"href":"https:\/\/climalife.com\/fr\/wp-json\/wp\/v2\/countries?post=162405"},{"taxonomy":"product_brand","embeddable":true,"href":"https:\/\/climalife.com\/fr\/wp-json\/wp\/v2\/product_brand?post=162405"},{"taxonomy":"product_cat","embeddable":true,"href":"https:\/\/climalife.com\/fr\/wp-json\/wp\/v2\/product_cat?post=162405"},{"taxonomy":"product_tag","embeddable":true,"href":"https:\/\/climalife.com\/fr\/wp-json\/wp\/v2\/product_tag?post=162405"}],"curies":[{"name":"wp","href":"https:\/\/api.w.org\/{rel}","templated":true}]}}