{"id":162430,"date":"2022-09-28T18:04:11","date_gmt":"2022-09-28T18:04:11","guid":{"rendered":"http:\/\/climalife.com\/product\/novaspray-hfc-134a-t\/"},"modified":"2024-04-30T09:19:28","modified_gmt":"2024-04-30T09:19:28","slug":"novaspray-hfc-134a-t","status":"publish","type":"product","link":"https:\/\/climalife.com\/fr\/product\/novaspray-hfc-134a-t\/","title":{"rendered":"NovaSpray\u2122 HFC 134aT"},"content":{"rendered":"<p>Ininflammable, il offre de nombreuses possibilit\u00e9s d\u2019utilisation dans les formulations qui requi\u00e8rent des exigences de s\u00e9curit\u00e9 (r\u00e9glementaire, environnement \u00e0 risques, milieu confin\u00e9).<\/p>\n<p>Son utilisation permet de diminuer l\u2019inflammabilit\u00e9 de nombreuses formulations jusqu\u2019\u00e0 les rendre ininflammables au regard des tests FEA.<\/p>\n<p>Sa mise en \u0153uvre ne n\u00e9cessite pas d\u2019investissement particulier en mati\u00e8re d\u2019installation de s\u00e9curit\u00e9 ATEX. Il est sans effet sur la couche d\u2019ozone et a un impact n\u00e9gligeable sur l\u2019effet de serre.<\/p>\n","protected":false},"excerpt":{"rendered":"<p>Le NovaSpray\u2122 HFC 134aT est un t\u00e9trafluoro\u00e9thane de grade a\u00e9rosol. De qualit\u00e9 constante, il r\u00e9pond \u00e0 l\u2019ensemble des exigences requises pour un propulseur.<\/p>\n","protected":false},"featured_media":207083,"comment_status":"open","ping_status":"closed","template":"","meta":[],"countries":[4674,4709,4756,4813,4831,4862],"product_brand":[],"product_cat":[9972,9945,9990,13118,9406],"product_tag":[],"class_list":{"0":"post-162430","1":"product","2":"type-product","3":"status-publish","4":"has-post-thumbnail","6":"countries-by","7":"countries-cu","8":"countries-ir","9":"countries-kp","10":"countries-ru","11":"countries-sy","12":"product_cat-automobile-transport","13":"product_cat-batiment","14":"product_cat-autres-industries","15":"product_cat-propulseurs","16":"product_cat-hfc-fr-86","17":"pa_packaging-bouteille-26-l-fr-32","18":"pa_packaging-bouteille-88-l-fr-122","19":"pa_packaging-conteneur-930-l-fr-76","20":"pa_packaging-fut-217-l-fr-30","21":"pa_packaging-vrac-20-t-fr-141","23":"first","24":"instock","25":"shipping-taxable","26":"purchasable","27":"product-type-variable"},"_links":{"self":[{"href":"https:\/\/climalife.com\/fr\/wp-json\/wp\/v2\/product\/162430","targetHints":{"allow":["GET"]}}],"collection":[{"href":"https:\/\/climalife.com\/fr\/wp-json\/wp\/v2\/product"}],"about":[{"href":"https:\/\/climalife.com\/fr\/wp-json\/wp\/v2\/types\/product"}],"replies":[{"embeddable":true,"href":"https:\/\/climalife.com\/fr\/wp-json\/wp\/v2\/comments?post=162430"}],"wp:featuredmedia":[{"embeddable":true,"href":"https:\/\/climalife.com\/fr\/wp-json\/wp\/v2\/media\/207083"}],"wp:attachment":[{"href":"https:\/\/climalife.com\/fr\/wp-json\/wp\/v2\/media?parent=162430"}],"wp:term":[{"taxonomy":"countries","embeddable":true,"href":"https:\/\/climalife.com\/fr\/wp-json\/wp\/v2\/countries?post=162430"},{"taxonomy":"product_brand","embeddable":true,"href":"https:\/\/climalife.com\/fr\/wp-json\/wp\/v2\/product_brand?post=162430"},{"taxonomy":"product_cat","embeddable":true,"href":"https:\/\/climalife.com\/fr\/wp-json\/wp\/v2\/product_cat?post=162430"},{"taxonomy":"product_tag","embeddable":true,"href":"https:\/\/climalife.com\/fr\/wp-json\/wp\/v2\/product_tag?post=162430"}],"curies":[{"name":"wp","href":"https:\/\/api.w.org\/{rel}","templated":true}]}}