{"id":162499,"date":"2022-09-28T18:05:38","date_gmt":"2022-09-28T18:05:38","guid":{"rendered":"http:\/\/climalife.com\/product\/mobil-arctic-shc-200-series\/"},"modified":"2025-10-30T09:30:08","modified_gmt":"2025-10-30T09:30:08","slug":"mobil-arctic-shc-200-series","status":"publish","type":"product","link":"https:\/\/climalife.com\/fr\/product\/mobil-arctic-shc-200-series\/","title":{"rendered":"Mobil Arctic SHC 200 S\u00e9rie"},"content":{"rendered":"<p>La s\u00e9rie est con\u00e7ue pour apporter :<br \/>\n&#8211;\u00a0 Une optimisation de la dur\u00e9e de vie du compresseur gr\u00e2ce \u00e0 une excellente protection anti-usure.<br \/>\n&#8211;\u00a0 Une longue dur\u00e9e de vie des paliers.<br \/>\n&#8211;\u00a0 Une protection efficace du mat\u00e9riel sur une tr\u00e8s large plage de temp\u00e9ratures d\u2019utilisation.<\/p>\n<p>Les r\u00e9f\u00e9rences de la s\u00e9rie sont les suivantes<strong> : Mobil Arctic SHC 226 E, Mobil Arctic SHC 228, Mobil Arctic SHC 230 et Mobil Arctic SHC 234.\u00a0<\/strong><\/p>\n<p>Les Mobil Gargoyle Arctic SHC 200 sont reconnues et appr\u00e9ci\u00e9es de par le monde pour leur caract\u00e8re innovant et leur performances.<\/p>\n","protected":false},"excerpt":{"rendered":"<p>Mobil Arctic SHC 200 sont des lubrifiants synth\u00e9tiques constitu\u00e9s exclusivement d&#8217;hydrocarbures de synth\u00e8se de type polyalphaol\u00e9fine (PAO).<\/p>\n","protected":false},"featured_media":108387,"comment_status":"open","ping_status":"closed","template":"","meta":[],"countries":[4674,4709,4756,4813,4831,4862],"product_brand":[],"product_cat":[9945,9936,9963,9990,13056,13091,13125,13455],"product_tag":[],"class_list":{"0":"post-162499","1":"product","2":"type-product","3":"status-publish","4":"has-post-thumbnail","6":"countries-by","7":"countries-cu","8":"countries-ir","9":"countries-kp","10":"countries-ru","11":"countries-sy","12":"product_cat-batiment","13":"product_cat-agroalimentaire","14":"product_cat-sante-bien-etre","15":"product_cat-autres-industries","16":"product_cat-climatisation","17":"product_cat-chauffage","18":"product_cat-refrigeration-fr","19":"product_cat-pao-fr","20":"pa_packaging-bidon-20-l-fr-174","21":"pa_packaging-fut-208-l-fr-49","23":"first","24":"instock","25":"shipping-taxable","26":"purchasable","27":"product-type-variable"},"_links":{"self":[{"href":"https:\/\/climalife.com\/fr\/wp-json\/wp\/v2\/product\/162499","targetHints":{"allow":["GET"]}}],"collection":[{"href":"https:\/\/climalife.com\/fr\/wp-json\/wp\/v2\/product"}],"about":[{"href":"https:\/\/climalife.com\/fr\/wp-json\/wp\/v2\/types\/product"}],"replies":[{"embeddable":true,"href":"https:\/\/climalife.com\/fr\/wp-json\/wp\/v2\/comments?post=162499"}],"wp:featuredmedia":[{"embeddable":true,"href":"https:\/\/climalife.com\/fr\/wp-json\/wp\/v2\/media\/108387"}],"wp:attachment":[{"href":"https:\/\/climalife.com\/fr\/wp-json\/wp\/v2\/media?parent=162499"}],"wp:term":[{"taxonomy":"countries","embeddable":true,"href":"https:\/\/climalife.com\/fr\/wp-json\/wp\/v2\/countries?post=162499"},{"taxonomy":"product_brand","embeddable":true,"href":"https:\/\/climalife.com\/fr\/wp-json\/wp\/v2\/product_brand?post=162499"},{"taxonomy":"product_cat","embeddable":true,"href":"https:\/\/climalife.com\/fr\/wp-json\/wp\/v2\/product_cat?post=162499"},{"taxonomy":"product_tag","embeddable":true,"href":"https:\/\/climalife.com\/fr\/wp-json\/wp\/v2\/product_tag?post=162499"}],"curies":[{"name":"wp","href":"https:\/\/api.w.org\/{rel}","templated":true}]}}