{"id":162508,"date":"2022-09-28T18:05:50","date_gmt":"2022-09-28T18:05:50","guid":{"rendered":"http:\/\/climalife.com\/product\/total-lunaria-fr-32-46-68\/"},"modified":"2024-01-25T13:52:00","modified_gmt":"2024-01-25T13:52:00","slug":"total-lunaria-fr-32-46-68","status":"publish","type":"product","link":"https:\/\/climalife.com\/fr\/product\/total-lunaria-fr-32-46-68\/","title":{"rendered":"Total Lunaria FR S\u00e9rie"},"content":{"rendered":"<p>Lubrification des cylindres, mouvements et garnitures d&#8217;\u00e9tanch\u00e9it\u00e9 de tous compresseurs frigorifiques.<br \/>\nLubrification des compresseurs rotatifs \u00e0 vis :<br \/>\n&#8211; vis parall\u00e8le<br \/>\n&#8211; monovis \u00e0 satellite type Zimmern.<\/p>\n","protected":false},"excerpt":{"rendered":"<p>Huiles min\u00e9rales napht\u00e9niques d\u00e9paraffin\u00e9es pour le graissage de tous types de compresseurs frigorifiques (huiles du type WAX FREE).<\/p>\n","protected":false},"featured_media":108171,"comment_status":"open","ping_status":"closed","template":"","meta":[],"countries":[4674,4709,4756,4813,4831,4862],"product_brand":[],"product_cat":[9981,9936,9963,9990,13056,13091,13125,9343],"product_tag":[],"class_list":{"0":"post-162508","1":"product","2":"type-product","3":"status-publish","4":"has-post-thumbnail","6":"countries-by","7":"countries-cu","8":"countries-ir","9":"countries-kp","10":"countries-ru","11":"countries-sy","12":"product_cat-aeronautique-aerospatial-defense","13":"product_cat-agroalimentaire","14":"product_cat-sante-bien-etre","15":"product_cat-autres-industries","16":"product_cat-climatisation","17":"product_cat-chauffage","18":"product_cat-refrigeration-fr","19":"product_cat-les-huiles-minerales","20":"pa_packaging-bidon-20-l-fr-36","21":"pa_packaging-fut-208-l-fr-49","23":"first","24":"instock","25":"shipping-taxable","26":"purchasable","27":"product-type-variable"},"_links":{"self":[{"href":"https:\/\/climalife.com\/fr\/wp-json\/wp\/v2\/product\/162508","targetHints":{"allow":["GET"]}}],"collection":[{"href":"https:\/\/climalife.com\/fr\/wp-json\/wp\/v2\/product"}],"about":[{"href":"https:\/\/climalife.com\/fr\/wp-json\/wp\/v2\/types\/product"}],"replies":[{"embeddable":true,"href":"https:\/\/climalife.com\/fr\/wp-json\/wp\/v2\/comments?post=162508"}],"wp:featuredmedia":[{"embeddable":true,"href":"https:\/\/climalife.com\/fr\/wp-json\/wp\/v2\/media\/108171"}],"wp:attachment":[{"href":"https:\/\/climalife.com\/fr\/wp-json\/wp\/v2\/media?parent=162508"}],"wp:term":[{"taxonomy":"countries","embeddable":true,"href":"https:\/\/climalife.com\/fr\/wp-json\/wp\/v2\/countries?post=162508"},{"taxonomy":"product_brand","embeddable":true,"href":"https:\/\/climalife.com\/fr\/wp-json\/wp\/v2\/product_brand?post=162508"},{"taxonomy":"product_cat","embeddable":true,"href":"https:\/\/climalife.com\/fr\/wp-json\/wp\/v2\/product_cat?post=162508"},{"taxonomy":"product_tag","embeddable":true,"href":"https:\/\/climalife.com\/fr\/wp-json\/wp\/v2\/product_tag?post=162508"}],"curies":[{"name":"wp","href":"https:\/\/api.w.org\/{rel}","templated":true}]}}