{"id":162527,"date":"2022-09-28T18:06:09","date_gmt":"2022-09-28T18:06:09","guid":{"rendered":"http:\/\/climalife.com\/product\/teneur-des-elements-en-milieu-acqueux\/"},"modified":"2024-01-25T13:51:59","modified_gmt":"2024-01-25T13:51:59","slug":"teneur-des-elements-en-milieu-acqueux","status":"publish","type":"product","link":"https:\/\/climalife.com\/fr\/product\/teneur-des-elements-en-milieu-acqueux\/","title":{"rendered":"Teneur des \u00e9l\u00e9ments en milieu aqueux"},"content":{"rendered":"","protected":false},"excerpt":{"rendered":"<p>Teneur des \u00e9l\u00e9ments en milieu acqueux, c&#8217;est l&#8217;identification et la quantification des \u00e9l\u00e9ments suivants : B-P-Zn-Fe-Cr-Si-Ba-Mg-Cu-Mo-Sn-Pb-Cd-Al-Ni-Ca-Sb-Ag-Na.<\/p>\n","protected":false},"featured_media":107532,"comment_status":"open","ping_status":"closed","template":"","meta":[],"countries":[4674,4709,4756,4813,4831,4862],"product_brand":[],"product_cat":[9981,9945,9936,9963,9990,13056,13091,13125,9478],"product_tag":[],"class_list":{"0":"post-162527","1":"product","2":"type-product","3":"status-publish","4":"has-post-thumbnail","6":"countries-by","7":"countries-cu","8":"countries-ir","9":"countries-kp","10":"countries-ru","11":"countries-sy","12":"product_cat-aeronautique-aerospatial-defense","13":"product_cat-batiment","14":"product_cat-agroalimentaire","15":"product_cat-sante-bien-etre","16":"product_cat-autres-industries","17":"product_cat-climatisation","18":"product_cat-chauffage","19":"product_cat-refrigeration-fr","20":"product_cat-analyses-caloporteurs","21":"pa_packaging-unite-fr-25","23":"first","24":"instock","25":"shipping-taxable","26":"purchasable","27":"product-type-variable"},"_links":{"self":[{"href":"https:\/\/climalife.com\/fr\/wp-json\/wp\/v2\/product\/162527","targetHints":{"allow":["GET"]}}],"collection":[{"href":"https:\/\/climalife.com\/fr\/wp-json\/wp\/v2\/product"}],"about":[{"href":"https:\/\/climalife.com\/fr\/wp-json\/wp\/v2\/types\/product"}],"replies":[{"embeddable":true,"href":"https:\/\/climalife.com\/fr\/wp-json\/wp\/v2\/comments?post=162527"}],"wp:featuredmedia":[{"embeddable":true,"href":"https:\/\/climalife.com\/fr\/wp-json\/wp\/v2\/media\/107532"}],"wp:attachment":[{"href":"https:\/\/climalife.com\/fr\/wp-json\/wp\/v2\/media?parent=162527"}],"wp:term":[{"taxonomy":"countries","embeddable":true,"href":"https:\/\/climalife.com\/fr\/wp-json\/wp\/v2\/countries?post=162527"},{"taxonomy":"product_brand","embeddable":true,"href":"https:\/\/climalife.com\/fr\/wp-json\/wp\/v2\/product_brand?post=162527"},{"taxonomy":"product_cat","embeddable":true,"href":"https:\/\/climalife.com\/fr\/wp-json\/wp\/v2\/product_cat?post=162527"},{"taxonomy":"product_tag","embeddable":true,"href":"https:\/\/climalife.com\/fr\/wp-json\/wp\/v2\/product_tag?post=162527"}],"curies":[{"name":"wp","href":"https:\/\/api.w.org\/{rel}","templated":true}]}}