{"id":162542,"date":"2022-09-28T18:06:30","date_gmt":"2022-09-28T18:06:30","guid":{"rendered":"http:\/\/climalife.com\/product\/novexpans-cyclopentane\/"},"modified":"2024-09-26T13:42:42","modified_gmt":"2024-09-26T13:42:42","slug":"novexpans-cyclopentane","status":"publish","type":"product","link":"https:\/\/climalife.com\/fr\/product\/novexpans-cyclopentane\/","title":{"rendered":"NOVEXPANS\u2122 cyclopentane"},"content":{"rendered":"<p>Du fait de son faible coefficient de conductivit\u00e9 thermique, le NOVEXPANS\u2122 cyclopentane est utilis\u00e9 pour la fabrication de mousses d\u2019isolation pour la ligne blanche (\u00e9lectrom\u00e9nager) et pour les blocs. Son classement R11 en fait un atout pour r\u00e9pondre \u00e0 la l\u00e9gislation sur le stockage des produits inflammables. Inoffensif vis \u00e0 vis de la couche d\u2019ozone, le NOVEXPANS\u2122 cyclopentane est sp\u00e9cialement adapt\u00e9 \u00e0 la substitution du HCFC 141b.<\/p>\n","protected":false},"excerpt":{"rendered":"<p>Le NOVEXPANS\u2122 cyclopentane est un produit aux sp\u00e9cifications garanties (teneur \u00e9lev\u00e9e en cyclopentane) utilis\u00e9 comme agent porog\u00e8ne pour l\u2019expansion des mousses polyur\u00e9thanes rigides.<\/p>\n","protected":false},"featured_media":200116,"comment_status":"open","ping_status":"closed","template":"","meta":[],"countries":[4674,4709,4756,4813,4831,4862],"product_brand":[],"product_cat":[9972,9945,9936,9990,13100,9505],"product_tag":[],"class_list":{"0":"post-162542","1":"product","2":"type-product","3":"status-publish","4":"has-post-thumbnail","6":"countries-by","7":"countries-cu","8":"countries-ir","9":"countries-kp","10":"countries-ru","11":"countries-sy","12":"product_cat-automobile-transport","13":"product_cat-batiment","14":"product_cat-agroalimentaire","15":"product_cat-autres-industries","16":"product_cat-isolation","17":"product_cat-hydrocarbures","18":"pa_packaging-conteneur-930-l-fr-76","19":"pa_packaging-fut-217-l-fr-30","20":"pa_packaging-fut-30-l-fr-78","21":"pa_packaging-vrac-fr-168","23":"first","24":"instock","25":"shipping-taxable","26":"purchasable","27":"product-type-variable"},"_links":{"self":[{"href":"https:\/\/climalife.com\/fr\/wp-json\/wp\/v2\/product\/162542","targetHints":{"allow":["GET"]}}],"collection":[{"href":"https:\/\/climalife.com\/fr\/wp-json\/wp\/v2\/product"}],"about":[{"href":"https:\/\/climalife.com\/fr\/wp-json\/wp\/v2\/types\/product"}],"replies":[{"embeddable":true,"href":"https:\/\/climalife.com\/fr\/wp-json\/wp\/v2\/comments?post=162542"}],"wp:featuredmedia":[{"embeddable":true,"href":"https:\/\/climalife.com\/fr\/wp-json\/wp\/v2\/media\/200116"}],"wp:attachment":[{"href":"https:\/\/climalife.com\/fr\/wp-json\/wp\/v2\/media?parent=162542"}],"wp:term":[{"taxonomy":"countries","embeddable":true,"href":"https:\/\/climalife.com\/fr\/wp-json\/wp\/v2\/countries?post=162542"},{"taxonomy":"product_brand","embeddable":true,"href":"https:\/\/climalife.com\/fr\/wp-json\/wp\/v2\/product_brand?post=162542"},{"taxonomy":"product_cat","embeddable":true,"href":"https:\/\/climalife.com\/fr\/wp-json\/wp\/v2\/product_cat?post=162542"},{"taxonomy":"product_tag","embeddable":true,"href":"https:\/\/climalife.com\/fr\/wp-json\/wp\/v2\/product_tag?post=162542"}],"curies":[{"name":"wp","href":"https:\/\/api.w.org\/{rel}","templated":true}]}}