{"id":162551,"date":"2022-09-28T18:06:39","date_gmt":"2022-09-28T18:06:39","guid":{"rendered":"http:\/\/climalife.com\/product\/novexpans-isopentane-t\/"},"modified":"2024-09-26T13:46:52","modified_gmt":"2024-09-26T13:46:52","slug":"novexpans-isopentane-t","status":"publish","type":"product","link":"https:\/\/climalife.com\/fr\/product\/novexpans-isopentane-t\/","title":{"rendered":"NOVEXPANS\u2122 isopentane T"},"content":{"rendered":"","protected":false},"excerpt":{"rendered":"<p>Le NOVEXPANS\u2122 isopentane T est un 2-m\u00e9thylbutane aux sp\u00e9cifications garanties (teneur \u00e9lev\u00e9e en isopentane) utilis\u00e9 comme agent porog\u00e8ne pour l\u2019expansion des mousses polyur\u00e9thanes rigides.<\/p>\n","protected":false},"featured_media":200116,"comment_status":"open","ping_status":"closed","template":"","meta":[],"countries":[4674,4709,4756,4813,4831,4862],"product_brand":[],"product_cat":[9972,9945,9990,13100,9505],"product_tag":[],"class_list":{"0":"post-162551","1":"product","2":"type-product","3":"status-publish","4":"has-post-thumbnail","6":"countries-by","7":"countries-cu","8":"countries-ir","9":"countries-kp","10":"countries-ru","11":"countries-sy","12":"product_cat-automobile-transport","13":"product_cat-batiment","14":"product_cat-autres-industries","15":"product_cat-isolation","16":"product_cat-hydrocarbures","17":"pa_packaging-conteneur-930-l-fr-76","18":"pa_packaging-fut-217-l-fr-30","19":"pa_packaging-vrac-fr-168","21":"first","22":"instock","23":"shipping-taxable","24":"purchasable","25":"product-type-variable"},"_links":{"self":[{"href":"https:\/\/climalife.com\/fr\/wp-json\/wp\/v2\/product\/162551","targetHints":{"allow":["GET"]}}],"collection":[{"href":"https:\/\/climalife.com\/fr\/wp-json\/wp\/v2\/product"}],"about":[{"href":"https:\/\/climalife.com\/fr\/wp-json\/wp\/v2\/types\/product"}],"replies":[{"embeddable":true,"href":"https:\/\/climalife.com\/fr\/wp-json\/wp\/v2\/comments?post=162551"}],"wp:featuredmedia":[{"embeddable":true,"href":"https:\/\/climalife.com\/fr\/wp-json\/wp\/v2\/media\/200116"}],"wp:attachment":[{"href":"https:\/\/climalife.com\/fr\/wp-json\/wp\/v2\/media?parent=162551"}],"wp:term":[{"taxonomy":"countries","embeddable":true,"href":"https:\/\/climalife.com\/fr\/wp-json\/wp\/v2\/countries?post=162551"},{"taxonomy":"product_brand","embeddable":true,"href":"https:\/\/climalife.com\/fr\/wp-json\/wp\/v2\/product_brand?post=162551"},{"taxonomy":"product_cat","embeddable":true,"href":"https:\/\/climalife.com\/fr\/wp-json\/wp\/v2\/product_cat?post=162551"},{"taxonomy":"product_tag","embeddable":true,"href":"https:\/\/climalife.com\/fr\/wp-json\/wp\/v2\/product_tag?post=162551"}],"curies":[{"name":"wp","href":"https:\/\/api.w.org\/{rel}","templated":true}]}}