{"id":162574,"date":"2022-09-28T18:06:57","date_gmt":"2022-09-28T18:06:57","guid":{"rendered":"http:\/\/climalife.com\/product\/r-449a\/"},"modified":"2024-11-28T13:38:12","modified_gmt":"2024-11-28T13:38:12","slug":"r-449a","status":"publish","type":"product","link":"https:\/\/climalife.com\/fr\/product\/r-449a\/","title":{"rendered":"R-449A"},"content":{"rendered":"<p>Il est adapt\u00e9 pour les installations de type centrales frigorifiques pour grandes surfaces (supermarch\u00e9s et hypermarch\u00e9s), entrep\u00f4ts frigorifiques, installations de surg\u00e9lation, meubles pour la conservation des produits congel\u00e9s et transports frigorifiques.<\/p>\n<p>Il peut \u00eatre aussi utilis\u00e9 en remplacement du R-22 en respectant les recommandations de mise en \u0153uvre.<\/p>\n","protected":false},"excerpt":{"rendered":"<p>Le R-449A est un m\u00e9lange non az\u00e9otropique \u00e0 base de HFC\/HFO \u00e0 faible GWP, destin\u00e9 au remplacement du R-404A en r\u00e9frig\u00e9ration n\u00e9gative et positive dans les applications commerciales et industrielles.<\/p>\n","protected":false},"featured_media":120627,"comment_status":"open","ping_status":"closed","template":"","meta":[],"countries":[4674,4709,4756,4813,4831,4862],"product_brand":[],"product_cat":[9981,9936,9972,9990,9604,13125,9963],"product_tag":[],"class_list":{"0":"post-162574","1":"product","2":"type-product","3":"status-publish","4":"has-post-thumbnail","6":"countries-by","7":"countries-cu","8":"countries-ir","9":"countries-kp","10":"countries-ru","11":"countries-sy","12":"product_cat-aeronautique-aerospatial-defense","13":"product_cat-agroalimentaire","14":"product_cat-automobile-transport","15":"product_cat-autres-industries","16":"product_cat-melanges-hfc-hfo","17":"product_cat-refrigeration-fr","18":"product_cat-sante-bien-etre","19":"pa_packaging-bouteille-52-l-fr-72","20":"pa_packaging-conteneur-448-l-fr-74","21":"pa_packaging-conteneur-930-l-fr-76","22":"pa_packaging-cubikool","24":"first","25":"instock","26":"shipping-taxable","27":"purchasable","28":"product-type-variable"},"_links":{"self":[{"href":"https:\/\/climalife.com\/fr\/wp-json\/wp\/v2\/product\/162574","targetHints":{"allow":["GET"]}}],"collection":[{"href":"https:\/\/climalife.com\/fr\/wp-json\/wp\/v2\/product"}],"about":[{"href":"https:\/\/climalife.com\/fr\/wp-json\/wp\/v2\/types\/product"}],"replies":[{"embeddable":true,"href":"https:\/\/climalife.com\/fr\/wp-json\/wp\/v2\/comments?post=162574"}],"wp:featuredmedia":[{"embeddable":true,"href":"https:\/\/climalife.com\/fr\/wp-json\/wp\/v2\/media\/120627"}],"wp:attachment":[{"href":"https:\/\/climalife.com\/fr\/wp-json\/wp\/v2\/media?parent=162574"}],"wp:term":[{"taxonomy":"countries","embeddable":true,"href":"https:\/\/climalife.com\/fr\/wp-json\/wp\/v2\/countries?post=162574"},{"taxonomy":"product_brand","embeddable":true,"href":"https:\/\/climalife.com\/fr\/wp-json\/wp\/v2\/product_brand?post=162574"},{"taxonomy":"product_cat","embeddable":true,"href":"https:\/\/climalife.com\/fr\/wp-json\/wp\/v2\/product_cat?post=162574"},{"taxonomy":"product_tag","embeddable":true,"href":"https:\/\/climalife.com\/fr\/wp-json\/wp\/v2\/product_tag?post=162574"}],"curies":[{"name":"wp","href":"https:\/\/api.w.org\/{rel}","templated":true}]}}