{"id":162599,"date":"2022-09-28T18:07:18","date_gmt":"2022-09-28T18:07:18","guid":{"rendered":"http:\/\/climalife.com\/product\/tonnelet-de-reprise-facilisolv\/"},"modified":"2024-01-25T13:51:54","modified_gmt":"2024-01-25T13:51:54","slug":"tonnelet-de-reprise-facilisolv","status":"publish","type":"product","link":"https:\/\/climalife.com\/fr\/product\/tonnelet-de-reprise-facilisolv\/","title":{"rendered":"Tonnelet de reprise Facilisolv"},"content":{"rendered":"","protected":false},"excerpt":{"rendered":"<p>Le tonnelet de reprise Facilisolv est pour la r\u00e9cup\u00e9ration du Facilisolv pollu\u00e9.<\/p>\n","protected":false},"featured_media":108684,"comment_status":"open","ping_status":"closed","template":"","meta":[],"countries":[4674,4709,4756,4813,4831,4862],"product_brand":[],"product_cat":[9981,9936,9972,9990,9945,13091,13056,9226,13125,9963],"product_tag":[],"class_list":{"0":"post-162599","1":"product","2":"type-product","3":"status-publish","4":"has-post-thumbnail","6":"countries-by","7":"countries-cu","8":"countries-ir","9":"countries-kp","10":"countries-ru","11":"countries-sy","12":"product_cat-aeronautique-aerospatial-defense","13":"product_cat-agroalimentaire","14":"product_cat-automobile-transport","15":"product_cat-autres-industries","16":"product_cat-batiment","17":"product_cat-chauffage","18":"product_cat-climatisation","19":"product_cat-nettoyage-interne-des-installations-frigorifiques","20":"product_cat-refrigeration-fr","21":"product_cat-sante-bien-etre","22":"pa_packaging-tonnelet-30-l-fr-26","24":"first","25":"instock","26":"shipping-taxable","27":"purchasable","28":"product-type-variable"},"_links":{"self":[{"href":"https:\/\/climalife.com\/fr\/wp-json\/wp\/v2\/product\/162599","targetHints":{"allow":["GET"]}}],"collection":[{"href":"https:\/\/climalife.com\/fr\/wp-json\/wp\/v2\/product"}],"about":[{"href":"https:\/\/climalife.com\/fr\/wp-json\/wp\/v2\/types\/product"}],"replies":[{"embeddable":true,"href":"https:\/\/climalife.com\/fr\/wp-json\/wp\/v2\/comments?post=162599"}],"wp:featuredmedia":[{"embeddable":true,"href":"https:\/\/climalife.com\/fr\/wp-json\/wp\/v2\/media\/108684"}],"wp:attachment":[{"href":"https:\/\/climalife.com\/fr\/wp-json\/wp\/v2\/media?parent=162599"}],"wp:term":[{"taxonomy":"countries","embeddable":true,"href":"https:\/\/climalife.com\/fr\/wp-json\/wp\/v2\/countries?post=162599"},{"taxonomy":"product_brand","embeddable":true,"href":"https:\/\/climalife.com\/fr\/wp-json\/wp\/v2\/product_brand?post=162599"},{"taxonomy":"product_cat","embeddable":true,"href":"https:\/\/climalife.com\/fr\/wp-json\/wp\/v2\/product_cat?post=162599"},{"taxonomy":"product_tag","embeddable":true,"href":"https:\/\/climalife.com\/fr\/wp-json\/wp\/v2\/product_tag?post=162599"}],"curies":[{"name":"wp","href":"https:\/\/api.w.org\/{rel}","templated":true}]}}