{"id":162653,"date":"2022-09-28T18:08:09","date_gmt":"2022-09-28T18:08:09","guid":{"rendered":"http:\/\/climalife.com\/product\/suniso-gs\/"},"modified":"2026-03-19T12:14:42","modified_gmt":"2026-03-19T12:14:42","slug":"suniso-gs","status":"publish","type":"product","link":"https:\/\/climalife.com\/fr\/product\/suniso-gs\/","title":{"rendered":"Suniso GS S\u00e9rie"},"content":{"rendered":"<p>Les huiles Suniso GS sont connues pour leur faible teneur en cire, leur point d\u2019\u00e9coulement bas et leur rigidit\u00e9 di\u00e9lectrique \u00e9lev\u00e9e.<\/p>\n<p>Disponible en :<\/p>\n<ul>\n<li>Suniso 3GS : grade ISO 32<\/li>\n<li>Suniso 4GS : grade ISO 68<\/li>\n<\/ul>\n","protected":false},"excerpt":{"rendered":"<p>Les lubrifiants SUNISO<sup>\u00ae<\/sup> GS sont des huiles min\u00e9rales hautement raffin\u00e9es de premi\u00e8re qualit\u00e9, con\u00e7ues pour lubrifier les compresseurs de r\u00e9frig\u00e9ration et de climatisation utilisant des frigorig\u00e8nes CFC et HCFC.<\/p>\n","protected":false},"featured_media":222967,"comment_status":"open","ping_status":"closed","template":"","meta":[],"countries":[4662,4667,4674,4693,4698,4706,4707,4709,4737,4739,4756,4800,4813,4817,4827,4831,4854,4862,4866,4881,4887],"product_brand":[],"product_cat":[9936,9972,9990,9945,13091,13056,9954,9343,13125],"product_tag":[],"class_list":{"0":"post-162653","1":"product","2":"type-product","3":"status-publish","4":"has-post-thumbnail","6":"countries-ar","7":"countries-au","8":"countries-by","9":"countries-ca","10":"countries-cl","11":"countries-cr","12":"countries-ci","13":"countries-cu","14":"countries-gh","15":"countries-gr","16":"countries-ir","17":"countries-mm","18":"countries-kp","19":"countries-pk","20":"countries-pt","21":"countries-ru","22":"countries-es","23":"countries-sy","24":"countries-th","25":"countries-us","26":"countries-ve","27":"product_cat-agroalimentaire","28":"product_cat-automobile-transport","29":"product_cat-autres-industries","30":"product_cat-batiment","31":"product_cat-chauffage","32":"product_cat-climatisation","33":"product_cat-energie","34":"product_cat-les-huiles-minerales","35":"product_cat-refrigeration-fr","36":"pa_packaging-bidon-20-l-fr-174","37":"pa_packaging-bidon-20-l-fr-36","38":"pa_packaging-bidon-4-l-fr-50","40":"first","41":"instock","42":"shipping-taxable","43":"purchasable","44":"product-type-variable"},"_links":{"self":[{"href":"https:\/\/climalife.com\/fr\/wp-json\/wp\/v2\/product\/162653","targetHints":{"allow":["GET"]}}],"collection":[{"href":"https:\/\/climalife.com\/fr\/wp-json\/wp\/v2\/product"}],"about":[{"href":"https:\/\/climalife.com\/fr\/wp-json\/wp\/v2\/types\/product"}],"replies":[{"embeddable":true,"href":"https:\/\/climalife.com\/fr\/wp-json\/wp\/v2\/comments?post=162653"}],"wp:featuredmedia":[{"embeddable":true,"href":"https:\/\/climalife.com\/fr\/wp-json\/wp\/v2\/media\/222967"}],"wp:attachment":[{"href":"https:\/\/climalife.com\/fr\/wp-json\/wp\/v2\/media?parent=162653"}],"wp:term":[{"taxonomy":"countries","embeddable":true,"href":"https:\/\/climalife.com\/fr\/wp-json\/wp\/v2\/countries?post=162653"},{"taxonomy":"product_brand","embeddable":true,"href":"https:\/\/climalife.com\/fr\/wp-json\/wp\/v2\/product_brand?post=162653"},{"taxonomy":"product_cat","embeddable":true,"href":"https:\/\/climalife.com\/fr\/wp-json\/wp\/v2\/product_cat?post=162653"},{"taxonomy":"product_tag","embeddable":true,"href":"https:\/\/climalife.com\/fr\/wp-json\/wp\/v2\/product_tag?post=162653"}],"curies":[{"name":"wp","href":"https:\/\/api.w.org\/{rel}","templated":true}]}}