{"id":162693,"date":"2022-09-28T18:08:49","date_gmt":"2022-09-28T18:08:49","guid":{"rendered":"http:\/\/climalife.com\/product\/solstice-n15-r-515b\/"},"modified":"2025-02-11T05:38:39","modified_gmt":"2025-02-11T05:38:39","slug":"solstice-n15-r-515b","status":"publish","type":"product","link":"https:\/\/climalife.com\/fr\/product\/solstice-n15-r-515b\/","title":{"rendered":"R-515B Solstice\u00ae N15"},"content":{"rendered":"<p>Il est destin\u00e9 aux applications de conditionnement d\u2019air, y compris en climatisation dans des applications \u00e0 temp\u00e9rature ambiante \u00e9lev\u00e9e.<br \/>\nIl peut \u00eatre utilis\u00e9 dans les chillers et dans les PAC, dans des syst\u00e8mes \u00e0 d\u00e9tente directe et en noy\u00e9 (flood).<\/p>\n<p>Utiliser une huile polyolester (POE).<\/p>\n","protected":false},"excerpt":{"rendered":"<p>Le R-515B est un m\u00e9lange az\u00e9otropique \u00e0 base d\u2019hydrofluorocarbure (HFC) et d\u2019hydrofluorool\u00e9fine (HFO) non inflammable.<\/p>\n","protected":false},"featured_media":126567,"comment_status":"open","ping_status":"closed","template":"","meta":[],"countries":[4674,4709,4756,4813,4831,4862],"product_brand":[],"product_cat":[9945,9954,9936,9963,9990,13056,13125,9604],"product_tag":[],"class_list":{"0":"post-162693","1":"product","2":"type-product","3":"status-publish","4":"has-post-thumbnail","6":"countries-by","7":"countries-cu","8":"countries-ir","9":"countries-kp","10":"countries-ru","11":"countries-sy","12":"product_cat-batiment","13":"product_cat-energie","14":"product_cat-agroalimentaire","15":"product_cat-sante-bien-etre","16":"product_cat-autres-industries","17":"product_cat-climatisation","18":"product_cat-refrigeration-fr","19":"product_cat-melanges-hfc-hfo","20":"pa_packaging-bouteille-52-l-fr-72","21":"pa_packaging-conteneur-448-l-fr-74","22":"pa_packaging-conteneur-930-l-fr-76","23":"pa_packaging-cubikool","24":"pa_packaging-friostar-fr-69","26":"first","27":"instock","28":"shipping-taxable","29":"purchasable","30":"product-type-variable"},"_links":{"self":[{"href":"https:\/\/climalife.com\/fr\/wp-json\/wp\/v2\/product\/162693","targetHints":{"allow":["GET"]}}],"collection":[{"href":"https:\/\/climalife.com\/fr\/wp-json\/wp\/v2\/product"}],"about":[{"href":"https:\/\/climalife.com\/fr\/wp-json\/wp\/v2\/types\/product"}],"replies":[{"embeddable":true,"href":"https:\/\/climalife.com\/fr\/wp-json\/wp\/v2\/comments?post=162693"}],"wp:featuredmedia":[{"embeddable":true,"href":"https:\/\/climalife.com\/fr\/wp-json\/wp\/v2\/media\/126567"}],"wp:attachment":[{"href":"https:\/\/climalife.com\/fr\/wp-json\/wp\/v2\/media?parent=162693"}],"wp:term":[{"taxonomy":"countries","embeddable":true,"href":"https:\/\/climalife.com\/fr\/wp-json\/wp\/v2\/countries?post=162693"},{"taxonomy":"product_brand","embeddable":true,"href":"https:\/\/climalife.com\/fr\/wp-json\/wp\/v2\/product_brand?post=162693"},{"taxonomy":"product_cat","embeddable":true,"href":"https:\/\/climalife.com\/fr\/wp-json\/wp\/v2\/product_cat?post=162693"},{"taxonomy":"product_tag","embeddable":true,"href":"https:\/\/climalife.com\/fr\/wp-json\/wp\/v2\/product_tag?post=162693"}],"curies":[{"name":"wp","href":"https:\/\/api.w.org\/{rel}","templated":true}]}}