{"id":162704,"date":"2022-09-28T18:09:01","date_gmt":"2022-09-28T18:09:01","guid":{"rendered":"http:\/\/climalife.com\/product\/r-452a\/"},"modified":"2025-09-04T13:30:34","modified_gmt":"2025-09-04T13:30:34","slug":"r-452a","status":"publish","type":"product","link":"https:\/\/climalife.com\/fr\/product\/r-452a\/","title":{"rendered":"R-452A"},"content":{"rendered":"<p>A utiliser avec une huile polyolester (POE).<\/p>\n","protected":false},"excerpt":{"rendered":"<p>Le R-452A est un m\u00e9lange non az\u00e9otrope \u00e0 base de HFC\/HFO avec un faible GWP, destin\u00e9 au remplacement du R-404A en installations neuves ou existantes, en particulier dans les applications en transports frigorifiques.<\/p>\n","protected":false},"featured_media":120510,"comment_status":"open","ping_status":"closed","template":"","meta":[],"countries":[4674,4709,4756,4813,4831,4862],"product_brand":[],"product_cat":[9981,9936,9972,9604,13125],"product_tag":[],"class_list":{"0":"post-162704","1":"product","2":"type-product","3":"status-publish","4":"has-post-thumbnail","6":"countries-by","7":"countries-cu","8":"countries-ir","9":"countries-kp","10":"countries-ru","11":"countries-sy","12":"product_cat-aeronautique-aerospatial-defense","13":"product_cat-agroalimentaire","14":"product_cat-automobile-transport","15":"product_cat-melanges-hfc-hfo","16":"product_cat-refrigeration-fr","17":"pa_packaging-bouteille-52-l-fr-72","18":"pa_packaging-conteneur-930-l-fr-76","19":"pa_packaging-friostar-fr-69","21":"first","22":"instock","23":"shipping-taxable","24":"purchasable","25":"product-type-variable"},"_links":{"self":[{"href":"https:\/\/climalife.com\/fr\/wp-json\/wp\/v2\/product\/162704","targetHints":{"allow":["GET"]}}],"collection":[{"href":"https:\/\/climalife.com\/fr\/wp-json\/wp\/v2\/product"}],"about":[{"href":"https:\/\/climalife.com\/fr\/wp-json\/wp\/v2\/types\/product"}],"replies":[{"embeddable":true,"href":"https:\/\/climalife.com\/fr\/wp-json\/wp\/v2\/comments?post=162704"}],"wp:featuredmedia":[{"embeddable":true,"href":"https:\/\/climalife.com\/fr\/wp-json\/wp\/v2\/media\/120510"}],"wp:attachment":[{"href":"https:\/\/climalife.com\/fr\/wp-json\/wp\/v2\/media?parent=162704"}],"wp:term":[{"taxonomy":"countries","embeddable":true,"href":"https:\/\/climalife.com\/fr\/wp-json\/wp\/v2\/countries?post=162704"},{"taxonomy":"product_brand","embeddable":true,"href":"https:\/\/climalife.com\/fr\/wp-json\/wp\/v2\/product_brand?post=162704"},{"taxonomy":"product_cat","embeddable":true,"href":"https:\/\/climalife.com\/fr\/wp-json\/wp\/v2\/product_cat?post=162704"},{"taxonomy":"product_tag","embeddable":true,"href":"https:\/\/climalife.com\/fr\/wp-json\/wp\/v2\/product_tag?post=162704"}],"curies":[{"name":"wp","href":"https:\/\/api.w.org\/{rel}","templated":true}]}}