{"id":162713,"date":"2022-09-28T18:09:12","date_gmt":"2022-09-28T18:09:12","guid":{"rendered":"http:\/\/climalife.com\/product\/r-744-co2\/"},"modified":"2025-09-04T13:34:53","modified_gmt":"2025-09-04T13:34:53","slug":"r-744-co2","status":"publish","type":"product","link":"https:\/\/climalife.com\/fr\/product\/r-744-co2\/","title":{"rendered":"R-744 (CO2)"},"content":{"rendered":"<p>Il peut \u00eatre utilis\u00e9 en d\u00e9tente directe dans des syst\u00e8mes en cascade en r\u00e9frig\u00e9ration (subcritique) avec des HFC, HFO ou NH3 ou en syst\u00e8mes booster (transcritique).<\/p>\n<p>&nbsp;<\/p>\n","protected":false},"excerpt":{"rendered":"<p>Le R-744 (dioxide de carbone) est un fluide frigorig\u00e8ne destin\u00e9 aux applications de r\u00e9frig\u00e9ration industrielle ou commerciale.<\/p>\n","protected":false},"featured_media":121644,"comment_status":"open","ping_status":"closed","template":"","meta":[],"countries":[4674,4709,4756,4813,4831,4862],"product_brand":[],"product_cat":[9972,9945,9936,9963,9990,13056,13091,13125,9685],"product_tag":[],"class_list":{"0":"post-162713","1":"product","2":"type-product","3":"status-publish","4":"has-post-thumbnail","6":"countries-by","7":"countries-cu","8":"countries-ir","9":"countries-kp","10":"countries-ru","11":"countries-sy","12":"product_cat-automobile-transport","13":"product_cat-batiment","14":"product_cat-agroalimentaire","15":"product_cat-sante-bien-etre","16":"product_cat-autres-industries","17":"product_cat-climatisation","18":"product_cat-chauffage","19":"product_cat-refrigeration-fr","20":"product_cat-co2","21":"pa_packaging-b50-fr-266","22":"pa_packaging-cadre-9xb50-fr-274","23":"pa_packaging-mooviz-fr-312","25":"first","26":"instock","27":"shipping-taxable","28":"purchasable","29":"product-type-variable"},"_links":{"self":[{"href":"https:\/\/climalife.com\/fr\/wp-json\/wp\/v2\/product\/162713","targetHints":{"allow":["GET"]}}],"collection":[{"href":"https:\/\/climalife.com\/fr\/wp-json\/wp\/v2\/product"}],"about":[{"href":"https:\/\/climalife.com\/fr\/wp-json\/wp\/v2\/types\/product"}],"replies":[{"embeddable":true,"href":"https:\/\/climalife.com\/fr\/wp-json\/wp\/v2\/comments?post=162713"}],"wp:featuredmedia":[{"embeddable":true,"href":"https:\/\/climalife.com\/fr\/wp-json\/wp\/v2\/media\/121644"}],"wp:attachment":[{"href":"https:\/\/climalife.com\/fr\/wp-json\/wp\/v2\/media?parent=162713"}],"wp:term":[{"taxonomy":"countries","embeddable":true,"href":"https:\/\/climalife.com\/fr\/wp-json\/wp\/v2\/countries?post=162713"},{"taxonomy":"product_brand","embeddable":true,"href":"https:\/\/climalife.com\/fr\/wp-json\/wp\/v2\/product_brand?post=162713"},{"taxonomy":"product_cat","embeddable":true,"href":"https:\/\/climalife.com\/fr\/wp-json\/wp\/v2\/product_cat?post=162713"},{"taxonomy":"product_tag","embeddable":true,"href":"https:\/\/climalife.com\/fr\/wp-json\/wp\/v2\/product_tag?post=162713"}],"curies":[{"name":"wp","href":"https:\/\/api.w.org\/{rel}","templated":true}]}}