{"id":162722,"date":"2022-09-28T18:09:23","date_gmt":"2022-09-28T18:09:23","guid":{"rendered":"http:\/\/climalife.com\/product\/solstice-n13-r-450a\/"},"modified":"2024-11-28T13:39:12","modified_gmt":"2024-11-28T13:39:12","slug":"solstice-n13-r-450a","status":"publish","type":"product","link":"https:\/\/climalife.com\/fr\/product\/solstice-n13-r-450a\/","title":{"rendered":"R-450A Solstice\u00ae N13"},"content":{"rendered":"<p>Son glissement de temp\u00e9rature \u00e0 pression atmosph\u00e9rique inf\u00e9rieur \u00e0 1k en fait un fluide applicable pour les syst\u00e8mes en d\u00e9tente directe ou en noy\u00e9.<\/p>\n<p>Utiliser une huile polyolester (POE).<\/p>\n","protected":false},"excerpt":{"rendered":"<p>Le Solstice<sup>\u00ae<\/sup> N13 (R-450A) est un m\u00e9lange \u00ab quasi-az\u00e9otrope \u00bb \u00e0 base de HFC\/HFO avec un faible GWP, destin\u00e9 au remplacement du R-134a dans les applications frigorifiques domestiques, commerciales et industrielles, ainsi que dans celles du conditionnement de l\u2019air, refroidisseur de liquide et PAC.<\/p>\n","protected":false},"featured_media":116424,"comment_status":"open","ping_status":"closed","template":"","meta":[],"countries":[4674,4709,4756,4813,4831,4862],"product_brand":[],"product_cat":[9981,9936,9972,9990,9945,13091,13056,9954,9604,13125,9963],"product_tag":[],"class_list":{"0":"post-162722","1":"product","2":"type-product","3":"status-publish","4":"has-post-thumbnail","6":"countries-by","7":"countries-cu","8":"countries-ir","9":"countries-kp","10":"countries-ru","11":"countries-sy","12":"product_cat-aeronautique-aerospatial-defense","13":"product_cat-agroalimentaire","14":"product_cat-automobile-transport","15":"product_cat-autres-industries","16":"product_cat-batiment","17":"product_cat-chauffage","18":"product_cat-climatisation","19":"product_cat-energie","20":"product_cat-melanges-hfc-hfo","21":"product_cat-refrigeration-fr","22":"product_cat-sante-bien-etre","23":"pa_packaging-bouteille-52-l-fr-72","24":"pa_packaging-conteneur-448-l-fr-74","25":"pa_packaging-conteneur-930-l-fr-76","26":"pa_packaging-cubikool","28":"first","29":"instock","30":"shipping-taxable","31":"purchasable","32":"product-type-variable"},"_links":{"self":[{"href":"https:\/\/climalife.com\/fr\/wp-json\/wp\/v2\/product\/162722","targetHints":{"allow":["GET"]}}],"collection":[{"href":"https:\/\/climalife.com\/fr\/wp-json\/wp\/v2\/product"}],"about":[{"href":"https:\/\/climalife.com\/fr\/wp-json\/wp\/v2\/types\/product"}],"replies":[{"embeddable":true,"href":"https:\/\/climalife.com\/fr\/wp-json\/wp\/v2\/comments?post=162722"}],"wp:featuredmedia":[{"embeddable":true,"href":"https:\/\/climalife.com\/fr\/wp-json\/wp\/v2\/media\/116424"}],"wp:attachment":[{"href":"https:\/\/climalife.com\/fr\/wp-json\/wp\/v2\/media?parent=162722"}],"wp:term":[{"taxonomy":"countries","embeddable":true,"href":"https:\/\/climalife.com\/fr\/wp-json\/wp\/v2\/countries?post=162722"},{"taxonomy":"product_brand","embeddable":true,"href":"https:\/\/climalife.com\/fr\/wp-json\/wp\/v2\/product_brand?post=162722"},{"taxonomy":"product_cat","embeddable":true,"href":"https:\/\/climalife.com\/fr\/wp-json\/wp\/v2\/product_cat?post=162722"},{"taxonomy":"product_tag","embeddable":true,"href":"https:\/\/climalife.com\/fr\/wp-json\/wp\/v2\/product_tag?post=162722"}],"curies":[{"name":"wp","href":"https:\/\/api.w.org\/{rel}","templated":true}]}}