{"id":162800,"date":"2022-09-28T18:10:39","date_gmt":"2022-09-28T18:10:39","guid":{"rendered":"http:\/\/climalife.com\/product\/r-508b\/"},"modified":"2024-11-28T13:33:19","modified_gmt":"2024-11-28T13:33:19","slug":"r-508b","status":"publish","type":"product","link":"https:\/\/climalife.com\/fr\/product\/r-508b\/","title":{"rendered":"R-508B"},"content":{"rendered":"<p>Il est utilis\u00e9 en remplacement du R-503.<\/p>\n","protected":false},"excerpt":{"rendered":"<p>Le R-508B est un m\u00e9lange az\u00e9otropique de type HFC destin\u00e9 aux installations de r\u00e9frig\u00e9ration basse temp\u00e9rature.<\/p>\n","protected":false},"featured_media":108980,"comment_status":"open","ping_status":"closed","template":"","meta":[],"countries":[4674,4709,4756,4813,4831,4862],"product_brand":[],"product_cat":[9981,9990,9442,13125,9963],"product_tag":[],"class_list":{"0":"post-162800","1":"product","2":"type-product","3":"status-publish","4":"has-post-thumbnail","6":"countries-by","7":"countries-cu","8":"countries-ir","9":"countries-kp","10":"countries-ru","11":"countries-sy","12":"product_cat-aeronautique-aerospatial-defense","13":"product_cat-autres-industries","14":"product_cat-hfc-fr-33","15":"product_cat-refrigeration-fr","16":"product_cat-sante-bien-etre","17":"pa_packaging-bouteille-134-l-fr-115","18":"pa_packaging-bouteille-50-l-fr-118","19":"pa_packaging-bouteille-67-l-fr-113","21":"first","22":"instock","23":"shipping-taxable","24":"purchasable","25":"product-type-variable","26":"has-default-attributes"},"_links":{"self":[{"href":"https:\/\/climalife.com\/fr\/wp-json\/wp\/v2\/product\/162800","targetHints":{"allow":["GET"]}}],"collection":[{"href":"https:\/\/climalife.com\/fr\/wp-json\/wp\/v2\/product"}],"about":[{"href":"https:\/\/climalife.com\/fr\/wp-json\/wp\/v2\/types\/product"}],"replies":[{"embeddable":true,"href":"https:\/\/climalife.com\/fr\/wp-json\/wp\/v2\/comments?post=162800"}],"wp:featuredmedia":[{"embeddable":true,"href":"https:\/\/climalife.com\/fr\/wp-json\/wp\/v2\/media\/108980"}],"wp:attachment":[{"href":"https:\/\/climalife.com\/fr\/wp-json\/wp\/v2\/media?parent=162800"}],"wp:term":[{"taxonomy":"countries","embeddable":true,"href":"https:\/\/climalife.com\/fr\/wp-json\/wp\/v2\/countries?post=162800"},{"taxonomy":"product_brand","embeddable":true,"href":"https:\/\/climalife.com\/fr\/wp-json\/wp\/v2\/product_brand?post=162800"},{"taxonomy":"product_cat","embeddable":true,"href":"https:\/\/climalife.com\/fr\/wp-json\/wp\/v2\/product_cat?post=162800"},{"taxonomy":"product_tag","embeddable":true,"href":"https:\/\/climalife.com\/fr\/wp-json\/wp\/v2\/product_tag?post=162800"}],"curies":[{"name":"wp","href":"https:\/\/api.w.org\/{rel}","templated":true}]}}