{"id":162810,"date":"2022-09-28T18:10:49","date_gmt":"2022-09-28T18:10:49","guid":{"rendered":"http:\/\/climalife.com\/product\/r-410a\/"},"modified":"2024-11-28T13:24:40","modified_gmt":"2024-11-28T13:24:40","slug":"r-410a","status":"publish","type":"product","link":"https:\/\/climalife.com\/fr\/product\/r-410a\/","title":{"rendered":"R-410A"},"content":{"rendered":"<p>L&#8217;usage et la mise en \u0153uvre du R-410A sont r\u00e9gis par le r\u00e8glement Europ\u00e9en n\u00b0 517\/2014. La r\u00e9cup\u00e9ration du R-410A est obligatoire au titre du r\u00e8glement Europ\u00e9en n\u00b0 517\/2014.<\/p>\n","protected":false},"excerpt":{"rendered":"<p>Le R-410A est un m\u00e9lange de type HFC principalement destin\u00e9 aux installations neuves. Il est utilis\u00e9 dans les secteurs du conditionnement d&#8217;air petite puissance et de la r\u00e9frig\u00e9ration industrielle.<\/p>\n","protected":false},"featured_media":108612,"comment_status":"open","ping_status":"closed","template":"","meta":[],"countries":[4674,4709,4756,4813,4831,4862],"product_brand":[],"product_cat":[9981,9972,9945,9954,9936,9963,9990,13056,13091,13125,9442],"product_tag":[],"class_list":{"0":"post-162810","1":"product","2":"type-product","3":"status-publish","4":"has-post-thumbnail","6":"countries-by","7":"countries-cu","8":"countries-ir","9":"countries-kp","10":"countries-ru","11":"countries-sy","12":"product_cat-aeronautique-aerospatial-defense","13":"product_cat-automobile-transport","14":"product_cat-batiment","15":"product_cat-energie","16":"product_cat-agroalimentaire","17":"product_cat-sante-bien-etre","18":"product_cat-autres-industries","19":"product_cat-climatisation","20":"product_cat-chauffage","21":"product_cat-refrigeration-fr","22":"product_cat-hfc-fr-33","23":"pa_packaging-bouteille-52-l-fr-72","24":"pa_packaging-conteneur-448-l-fr-74","25":"pa_packaging-cubikool","26":"pa_packaging-frioplus-fr-88","28":"first","29":"instock","30":"shipping-taxable","31":"purchasable","32":"product-type-variable"},"_links":{"self":[{"href":"https:\/\/climalife.com\/fr\/wp-json\/wp\/v2\/product\/162810","targetHints":{"allow":["GET"]}}],"collection":[{"href":"https:\/\/climalife.com\/fr\/wp-json\/wp\/v2\/product"}],"about":[{"href":"https:\/\/climalife.com\/fr\/wp-json\/wp\/v2\/types\/product"}],"replies":[{"embeddable":true,"href":"https:\/\/climalife.com\/fr\/wp-json\/wp\/v2\/comments?post=162810"}],"wp:featuredmedia":[{"embeddable":true,"href":"https:\/\/climalife.com\/fr\/wp-json\/wp\/v2\/media\/108612"}],"wp:attachment":[{"href":"https:\/\/climalife.com\/fr\/wp-json\/wp\/v2\/media?parent=162810"}],"wp:term":[{"taxonomy":"countries","embeddable":true,"href":"https:\/\/climalife.com\/fr\/wp-json\/wp\/v2\/countries?post=162810"},{"taxonomy":"product_brand","embeddable":true,"href":"https:\/\/climalife.com\/fr\/wp-json\/wp\/v2\/product_brand?post=162810"},{"taxonomy":"product_cat","embeddable":true,"href":"https:\/\/climalife.com\/fr\/wp-json\/wp\/v2\/product_cat?post=162810"},{"taxonomy":"product_tag","embeddable":true,"href":"https:\/\/climalife.com\/fr\/wp-json\/wp\/v2\/product_tag?post=162810"}],"curies":[{"name":"wp","href":"https:\/\/api.w.org\/{rel}","templated":true}]}}