{"id":162846,"date":"2022-09-28T18:11:30","date_gmt":"2022-09-28T18:11:30","guid":{"rendered":"http:\/\/climalife.com\/product\/novexpans-n-butane-isobutane-40-60\/"},"modified":"2024-09-26T13:49:03","modified_gmt":"2024-09-26T13:49:03","slug":"novexpans-n-butane-isobutane-40-60","status":"publish","type":"product","link":"https:\/\/climalife.com\/fr\/product\/novexpans-n-butane-isobutane-40-60\/","title":{"rendered":"NOVEXPANS\u2122 n-butane\/isobutane (40\/60)"},"content":{"rendered":"<p>Sans effet sur la couche d\u2019ozone, il est recommand\u00e9 pour la substitution des produits HCFC.<\/p>\n","protected":false},"excerpt":{"rendered":"<p>Le NOVEXPANS\u2122 n-butane\/isobutane (40\/60) est un m\u00e9lange de n-butane et d\u2019isobutane sp\u00e9cialement d\u00e9sodoris\u00e9 aux sp\u00e9cifications garanties, utilis\u00e9 pour l\u2019expansion des mousses polystyr\u00e8nes, par exemple pour la fabrication des barquettes d\u2019emballage.<\/p>\n","protected":false},"featured_media":202564,"comment_status":"open","ping_status":"closed","template":"","meta":[],"countries":[4674,4709,4756,4813,4831,4862],"product_brand":[],"product_cat":[9936,9972,9990,9945,9505,13100],"product_tag":[],"class_list":{"0":"post-162846","1":"product","2":"type-product","3":"status-publish","4":"has-post-thumbnail","6":"countries-by","7":"countries-cu","8":"countries-ir","9":"countries-kp","10":"countries-ru","11":"countries-sy","12":"product_cat-agroalimentaire","13":"product_cat-automobile-transport","14":"product_cat-autres-industries","15":"product_cat-batiment","16":"product_cat-hydrocarbures","17":"product_cat-isolation","18":"pa_packaging-bouteille-26-l-fr-32","19":"pa_packaging-conteneur-930-l-fr-76","20":"pa_packaging-vrac-fr-168","22":"first","23":"instock","24":"shipping-taxable","25":"purchasable","26":"product-type-variable"},"_links":{"self":[{"href":"https:\/\/climalife.com\/fr\/wp-json\/wp\/v2\/product\/162846","targetHints":{"allow":["GET"]}}],"collection":[{"href":"https:\/\/climalife.com\/fr\/wp-json\/wp\/v2\/product"}],"about":[{"href":"https:\/\/climalife.com\/fr\/wp-json\/wp\/v2\/types\/product"}],"replies":[{"embeddable":true,"href":"https:\/\/climalife.com\/fr\/wp-json\/wp\/v2\/comments?post=162846"}],"wp:featuredmedia":[{"embeddable":true,"href":"https:\/\/climalife.com\/fr\/wp-json\/wp\/v2\/media\/202564"}],"wp:attachment":[{"href":"https:\/\/climalife.com\/fr\/wp-json\/wp\/v2\/media?parent=162846"}],"wp:term":[{"taxonomy":"countries","embeddable":true,"href":"https:\/\/climalife.com\/fr\/wp-json\/wp\/v2\/countries?post=162846"},{"taxonomy":"product_brand","embeddable":true,"href":"https:\/\/climalife.com\/fr\/wp-json\/wp\/v2\/product_brand?post=162846"},{"taxonomy":"product_cat","embeddable":true,"href":"https:\/\/climalife.com\/fr\/wp-json\/wp\/v2\/product_cat?post=162846"},{"taxonomy":"product_tag","embeddable":true,"href":"https:\/\/climalife.com\/fr\/wp-json\/wp\/v2\/product_tag?post=162846"}],"curies":[{"name":"wp","href":"https:\/\/api.w.org\/{rel}","templated":true}]}}