{"id":162856,"date":"2022-09-28T18:11:40","date_gmt":"2022-09-28T18:11:40","guid":{"rendered":"http:\/\/climalife.com\/product\/novaspray-isopentane-isobutane-80-20\/"},"modified":"2024-11-14T09:51:00","modified_gmt":"2024-11-14T09:51:00","slug":"novaspray-isopentane-isobutane-80-20","status":"publish","type":"product","link":"https:\/\/climalife.com\/fr\/product\/novaspray-isopentane-isobutane-80-20\/","title":{"rendered":"NovaSpray\u2122 isopentane\/isobutane (80\/20)"},"content":{"rendered":"<p>Tr\u00e8s sp\u00e9cifique, c\u2019est un m\u00e9lange de liquide et de gaz liqu\u00e9fi\u00e9 mis au point par Climalife pour r\u00e9pondre aux exigences des formulations de gels coiffants et gels \u00e0 raser.<br \/>\nIl est sans effet sur la couche d\u2019ozone et a un impact n\u00e9gligeable sur l\u2019effet de serre.<\/p>\n","protected":false},"excerpt":{"rendered":"<p>Le NovaSpray\u2122 isopentane\/isobutane (80\/20) est un m\u00e9lange de NovaSpray\u2122 isopentane S et de NovaSpray\u2122 isobutane. De qualit\u00e9 constante, il r\u00e9pond \u00e0 l\u2019ensemble des exigences requises pour un propulseur.<\/p>\n","protected":false},"featured_media":200116,"comment_status":"open","ping_status":"closed","template":"","meta":[],"countries":[4674,4709,4756,4813,4831,4862],"product_brand":[],"product_cat":[9963,13118,9595],"product_tag":[],"class_list":{"0":"post-162856","1":"product","2":"type-product","3":"status-publish","4":"has-post-thumbnail","6":"countries-by","7":"countries-cu","8":"countries-ir","9":"countries-kp","10":"countries-ru","11":"countries-sy","12":"product_cat-sante-bien-etre","13":"product_cat-propulseurs","14":"product_cat-hydrocarbures-fr-83","15":"pa_packaging-conteneur-930-l-fr-76","16":"pa_packaging-vrac-fr-168","18":"first","19":"instock","20":"shipping-taxable","21":"purchasable","22":"product-type-variable"},"_links":{"self":[{"href":"https:\/\/climalife.com\/fr\/wp-json\/wp\/v2\/product\/162856","targetHints":{"allow":["GET"]}}],"collection":[{"href":"https:\/\/climalife.com\/fr\/wp-json\/wp\/v2\/product"}],"about":[{"href":"https:\/\/climalife.com\/fr\/wp-json\/wp\/v2\/types\/product"}],"replies":[{"embeddable":true,"href":"https:\/\/climalife.com\/fr\/wp-json\/wp\/v2\/comments?post=162856"}],"wp:featuredmedia":[{"embeddable":true,"href":"https:\/\/climalife.com\/fr\/wp-json\/wp\/v2\/media\/200116"}],"wp:attachment":[{"href":"https:\/\/climalife.com\/fr\/wp-json\/wp\/v2\/media?parent=162856"}],"wp:term":[{"taxonomy":"countries","embeddable":true,"href":"https:\/\/climalife.com\/fr\/wp-json\/wp\/v2\/countries?post=162856"},{"taxonomy":"product_brand","embeddable":true,"href":"https:\/\/climalife.com\/fr\/wp-json\/wp\/v2\/product_brand?post=162856"},{"taxonomy":"product_cat","embeddable":true,"href":"https:\/\/climalife.com\/fr\/wp-json\/wp\/v2\/product_cat?post=162856"},{"taxonomy":"product_tag","embeddable":true,"href":"https:\/\/climalife.com\/fr\/wp-json\/wp\/v2\/product_tag?post=162856"}],"curies":[{"name":"wp","href":"https:\/\/api.w.org\/{rel}","templated":true}]}}