{"id":162866,"date":"2022-09-28T18:11:49","date_gmt":"2022-09-28T18:11:49","guid":{"rendered":"http:\/\/climalife.com\/product\/solstice-l41y-r-452b\/"},"modified":"2025-09-04T13:50:35","modified_gmt":"2025-09-04T13:50:35","slug":"solstice-l41y-r-452b","status":"publish","type":"product","link":"https:\/\/climalife.com\/fr\/product\/solstice-l41y-r-452b\/","title":{"rendered":"R-452B Solstice\u00ae L41y"},"content":{"rendered":"<p>Ce nouveau fluide frigorig\u00e8ne produit par Honeywell offre de nombreux avantages par rapport aux fluides R-410A et R-32\u00a0:<\/p>\n<ul>\n<li>\u00a0Il pr\u00e9sente la <strong>m\u00eame pression d\u2019utilisation que le R-410A<\/strong>, dispense de modification de conception du syst\u00e8me de tuyauterie, de brasage et des emballages.<\/li>\n<li>\u00a0Il offre un <strong>d\u00e9bit massique inf\u00e9rieur \u00e0 celui du R-410A<\/strong>, ce qui implique une charge inf\u00e9rieure de 10 \u00e0 15\u00a0% par rapport \u00e0 l\u2019\u00e9quipement existant.<\/li>\n<li>\u00a0Il <strong>surpasse le R-32<\/strong> en mode chauffage et dans des conditions de temp\u00e9rature ambiante \u00e9lev\u00e9e en raison de sa temp\u00e9rature critique sup\u00e9rieure (77,1\u00b0C) et d\u2019une plage de fonctionnement plus large \u00e0 des temp\u00e9ratures d&#8217;\u00e9vaporation basses.<\/li>\n<\/ul>\n","protected":false},"excerpt":{"rendered":"<p>Le R-452B est un m\u00e9lange non az\u00e9otrope \u00e0 base de HFC\/HFO, destin\u00e9 au remplacement du R-410A en installation neuve, en particulier dans les pompes \u00e0 chaleur, les climatisations commerciales type Roof Top et syst\u00e8mes VRF et les refroidisseurs de liquide moyenne pression (chillers air\/eau).<\/p>\n","protected":false},"featured_media":125424,"comment_status":"open","ping_status":"closed","template":"","meta":[],"countries":[4674,4709,4756,4813,4831,4862],"product_brand":[],"product_cat":[9945,13056,9604],"product_tag":[],"class_list":{"0":"post-162866","1":"product","2":"type-product","3":"status-publish","4":"has-post-thumbnail","6":"countries-by","7":"countries-cu","8":"countries-ir","9":"countries-kp","10":"countries-ru","11":"countries-sy","12":"product_cat-batiment","13":"product_cat-climatisation","14":"product_cat-melanges-hfc-hfo","15":"pa_packaging-bouteille-12-l-fr-92","16":"pa_packaging-bouteille-52-l-fr-72","17":"pa_packaging-conteneur-448-l-fr-74","18":"pa_packaging-conteneur-930-l-fr-76","19":"pa_packaging-friostar-fr-69","20":"pa_packaging-ministar-fr-339","22":"first","23":"instock","24":"shipping-taxable","25":"purchasable","26":"product-type-variable"},"_links":{"self":[{"href":"https:\/\/climalife.com\/fr\/wp-json\/wp\/v2\/product\/162866","targetHints":{"allow":["GET"]}}],"collection":[{"href":"https:\/\/climalife.com\/fr\/wp-json\/wp\/v2\/product"}],"about":[{"href":"https:\/\/climalife.com\/fr\/wp-json\/wp\/v2\/types\/product"}],"replies":[{"embeddable":true,"href":"https:\/\/climalife.com\/fr\/wp-json\/wp\/v2\/comments?post=162866"}],"wp:featuredmedia":[{"embeddable":true,"href":"https:\/\/climalife.com\/fr\/wp-json\/wp\/v2\/media\/125424"}],"wp:attachment":[{"href":"https:\/\/climalife.com\/fr\/wp-json\/wp\/v2\/media?parent=162866"}],"wp:term":[{"taxonomy":"countries","embeddable":true,"href":"https:\/\/climalife.com\/fr\/wp-json\/wp\/v2\/countries?post=162866"},{"taxonomy":"product_brand","embeddable":true,"href":"https:\/\/climalife.com\/fr\/wp-json\/wp\/v2\/product_brand?post=162866"},{"taxonomy":"product_cat","embeddable":true,"href":"https:\/\/climalife.com\/fr\/wp-json\/wp\/v2\/product_cat?post=162866"},{"taxonomy":"product_tag","embeddable":true,"href":"https:\/\/climalife.com\/fr\/wp-json\/wp\/v2\/product_tag?post=162866"}],"curies":[{"name":"wp","href":"https:\/\/api.w.org\/{rel}","templated":true}]}}