{"id":162896,"date":"2022-09-28T18:12:19","date_gmt":"2022-09-28T18:12:19","guid":{"rendered":"http:\/\/climalife.com\/product\/fluorescent-f\/"},"modified":"2024-01-25T13:51:31","modified_gmt":"2024-01-25T13:51:31","slug":"fluorescent-f","status":"publish","type":"product","link":"https:\/\/climalife.com\/fr\/product\/fluorescent-f\/","title":{"rendered":"Fluorescent F"},"content":{"rendered":"","protected":false},"excerpt":{"rendered":"<p>Le Fluorescent F est un agent traceur pour d\u00e9tection de fuites sur circuits caloporteurs.<br \/>\nCet additif est sp\u00e9cialement \u00e9tudi\u00e9 pour la d\u00e9tection de fuites des caloporteurs \u00e0 base de Mono Ethyl\u00e8ne Glycol et Mono Propyl\u00e8ne Glycol sans modification du milieu. L\u2019utilisation d\u2019une lampe ultraviolet permet une identification rapide et efficace des zones de fuite.<\/p>\n","protected":false},"featured_media":130968,"comment_status":"open","ping_status":"closed","template":"","meta":[],"countries":[4674,4709,4756,4813,4831,4862],"product_brand":[],"product_cat":[9981,9945,9954,9936,9963,9990,13056,13082,13091,13125,13134,9711],"product_tag":[],"class_list":{"0":"post-162896","1":"product","2":"type-product","3":"status-publish","4":"has-post-thumbnail","6":"countries-by","7":"countries-cu","8":"countries-ir","9":"countries-kp","10":"countries-ru","11":"countries-sy","12":"product_cat-aeronautique-aerospatial-defense","13":"product_cat-batiment","14":"product_cat-energie","15":"product_cat-agroalimentaire","16":"product_cat-sante-bien-etre","17":"product_cat-autres-industries","18":"product_cat-climatisation","19":"product_cat-protection-incendie","20":"product_cat-chauffage","21":"product_cat-refrigeration-fr","22":"product_cat-energie-renouvelable","23":"product_cat-traitement-et-additifs","24":"pa_packaging-1-l-can-en-63","26":"first","27":"instock","28":"shipping-taxable","29":"purchasable","30":"product-type-variable"},"_links":{"self":[{"href":"https:\/\/climalife.com\/fr\/wp-json\/wp\/v2\/product\/162896","targetHints":{"allow":["GET"]}}],"collection":[{"href":"https:\/\/climalife.com\/fr\/wp-json\/wp\/v2\/product"}],"about":[{"href":"https:\/\/climalife.com\/fr\/wp-json\/wp\/v2\/types\/product"}],"replies":[{"embeddable":true,"href":"https:\/\/climalife.com\/fr\/wp-json\/wp\/v2\/comments?post=162896"}],"wp:featuredmedia":[{"embeddable":true,"href":"https:\/\/climalife.com\/fr\/wp-json\/wp\/v2\/media\/130968"}],"wp:attachment":[{"href":"https:\/\/climalife.com\/fr\/wp-json\/wp\/v2\/media?parent=162896"}],"wp:term":[{"taxonomy":"countries","embeddable":true,"href":"https:\/\/climalife.com\/fr\/wp-json\/wp\/v2\/countries?post=162896"},{"taxonomy":"product_brand","embeddable":true,"href":"https:\/\/climalife.com\/fr\/wp-json\/wp\/v2\/product_brand?post=162896"},{"taxonomy":"product_cat","embeddable":true,"href":"https:\/\/climalife.com\/fr\/wp-json\/wp\/v2\/product_cat?post=162896"},{"taxonomy":"product_tag","embeddable":true,"href":"https:\/\/climalife.com\/fr\/wp-json\/wp\/v2\/product_tag?post=162896"}],"curies":[{"name":"wp","href":"https:\/\/api.w.org\/{rel}","templated":true}]}}