{"id":162971,"date":"2022-09-28T18:13:45","date_gmt":"2022-09-28T18:13:45","guid":{"rendered":"http:\/\/climalife.com\/product\/emballages-pour-regeneration-destruction\/"},"modified":"2024-10-23T07:52:25","modified_gmt":"2024-10-23T07:52:25","slug":"emballages-pour-regeneration-destruction","status":"publish","type":"product","link":"https:\/\/climalife.com\/fr\/product\/emballages-pour-regeneration-destruction\/","title":{"rendered":"Emballages pour r\u00e9g\u00e9n\u00e9ration \/ destruction"},"content":{"rendered":"","protected":false},"excerpt":{"rendered":"<p>Emballages pour r\u00e9g\u00e9n\u00e9ration \/ destruction mis \u00e0 disposition pour le traitement des fluides caloporteurs usag\u00e9s.<\/p>\n","protected":false},"featured_media":202710,"comment_status":"open","ping_status":"closed","template":"","meta":[],"countries":[4674,4709,4756,4813,4831,4862],"product_brand":[],"product_cat":[9981,9954,9936,9963,9990,13056,13082,13091,13125,13134,9729],"product_tag":[],"class_list":{"0":"post-162971","1":"product","2":"type-product","3":"status-publish","4":"has-post-thumbnail","6":"countries-by","7":"countries-cu","8":"countries-ir","9":"countries-kp","10":"countries-ru","11":"countries-sy","12":"product_cat-aeronautique-aerospatial-defense","13":"product_cat-energie","14":"product_cat-agroalimentaire","15":"product_cat-sante-bien-etre","16":"product_cat-autres-industries","17":"product_cat-climatisation","18":"product_cat-protection-incendie","19":"product_cat-chauffage","20":"product_cat-refrigeration-fr","21":"product_cat-energie-renouvelable","22":"product_cat-recuperation-et-regeneration-des-frigoporteurs-caloporteurs","23":"pa_packaging-conteneur-1000-l-fr-157","24":"pa_packaging-fut-217-l-fr-30","25":"pa_packaging-fut-60-l-fr-232","27":"first","28":"instock","29":"shipping-taxable","30":"purchasable","31":"product-type-variable"},"_links":{"self":[{"href":"https:\/\/climalife.com\/fr\/wp-json\/wp\/v2\/product\/162971","targetHints":{"allow":["GET"]}}],"collection":[{"href":"https:\/\/climalife.com\/fr\/wp-json\/wp\/v2\/product"}],"about":[{"href":"https:\/\/climalife.com\/fr\/wp-json\/wp\/v2\/types\/product"}],"replies":[{"embeddable":true,"href":"https:\/\/climalife.com\/fr\/wp-json\/wp\/v2\/comments?post=162971"}],"wp:featuredmedia":[{"embeddable":true,"href":"https:\/\/climalife.com\/fr\/wp-json\/wp\/v2\/media\/202710"}],"wp:attachment":[{"href":"https:\/\/climalife.com\/fr\/wp-json\/wp\/v2\/media?parent=162971"}],"wp:term":[{"taxonomy":"countries","embeddable":true,"href":"https:\/\/climalife.com\/fr\/wp-json\/wp\/v2\/countries?post=162971"},{"taxonomy":"product_brand","embeddable":true,"href":"https:\/\/climalife.com\/fr\/wp-json\/wp\/v2\/product_brand?post=162971"},{"taxonomy":"product_cat","embeddable":true,"href":"https:\/\/climalife.com\/fr\/wp-json\/wp\/v2\/product_cat?post=162971"},{"taxonomy":"product_tag","embeddable":true,"href":"https:\/\/climalife.com\/fr\/wp-json\/wp\/v2\/product_tag?post=162971"}],"curies":[{"name":"wp","href":"https:\/\/api.w.org\/{rel}","templated":true}]}}