{"id":162981,"date":"2022-09-28T18:13:54","date_gmt":"2022-09-28T18:13:54","guid":{"rendered":"http:\/\/climalife.com\/product\/r-407a\/"},"modified":"2024-11-28T13:21:43","modified_gmt":"2024-11-28T13:21:43","slug":"r-407a","status":"publish","type":"product","link":"https:\/\/climalife.com\/fr\/product\/r-407a\/","title":{"rendered":"R-407A"},"content":{"rendered":"<p>Il est propos\u00e9 en remplacement du R-22 ou du R-404A, dans des applications de r\u00e9frig\u00e9ration commerciale basses et moyennes temp\u00e9ratures.<\/p>\n","protected":false},"excerpt":{"rendered":"<p>Le R-407A est un m\u00e9lange de remplacement &#8220;non az\u00e9otropique&#8221; de type HFC.<\/p>\n","protected":false},"featured_media":109125,"comment_status":"open","ping_status":"closed","template":"","meta":[],"countries":[4674,4709,4756,4813,4831,4862],"product_brand":[],"product_cat":[9981,9936,9972,9990,9954,9442,13125,9963],"product_tag":[],"class_list":{"0":"post-162981","1":"product","2":"type-product","3":"status-publish","4":"has-post-thumbnail","6":"countries-by","7":"countries-cu","8":"countries-ir","9":"countries-kp","10":"countries-ru","11":"countries-sy","12":"product_cat-aeronautique-aerospatial-defense","13":"product_cat-agroalimentaire","14":"product_cat-automobile-transport","15":"product_cat-autres-industries","16":"product_cat-energie","17":"product_cat-hfc-fr-33","18":"product_cat-refrigeration-fr","19":"product_cat-sante-bien-etre","20":"pa_packaging-bouteille-52-l-fr-72","21":"pa_packaging-conteneur-448-l-fr-74","22":"pa_packaging-conteneur-930-l-fr-76","23":"pa_packaging-cubikool","24":"pa_packaging-friostar-fr-69","26":"first","27":"instock","28":"shipping-taxable","29":"purchasable","30":"product-type-variable"},"_links":{"self":[{"href":"https:\/\/climalife.com\/fr\/wp-json\/wp\/v2\/product\/162981","targetHints":{"allow":["GET"]}}],"collection":[{"href":"https:\/\/climalife.com\/fr\/wp-json\/wp\/v2\/product"}],"about":[{"href":"https:\/\/climalife.com\/fr\/wp-json\/wp\/v2\/types\/product"}],"replies":[{"embeddable":true,"href":"https:\/\/climalife.com\/fr\/wp-json\/wp\/v2\/comments?post=162981"}],"wp:featuredmedia":[{"embeddable":true,"href":"https:\/\/climalife.com\/fr\/wp-json\/wp\/v2\/media\/109125"}],"wp:attachment":[{"href":"https:\/\/climalife.com\/fr\/wp-json\/wp\/v2\/media?parent=162981"}],"wp:term":[{"taxonomy":"countries","embeddable":true,"href":"https:\/\/climalife.com\/fr\/wp-json\/wp\/v2\/countries?post=162981"},{"taxonomy":"product_brand","embeddable":true,"href":"https:\/\/climalife.com\/fr\/wp-json\/wp\/v2\/product_brand?post=162981"},{"taxonomy":"product_cat","embeddable":true,"href":"https:\/\/climalife.com\/fr\/wp-json\/wp\/v2\/product_cat?post=162981"},{"taxonomy":"product_tag","embeddable":true,"href":"https:\/\/climalife.com\/fr\/wp-json\/wp\/v2\/product_tag?post=162981"}],"curies":[{"name":"wp","href":"https:\/\/api.w.org\/{rel}","templated":true}]}}